{"id":639,"date":"2018-02-21T20:27:58","date_gmt":"2018-02-21T20:27:58","guid":{"rendered":"https:\/\/dev-dp-build.pantheonsite.io\/?page_id=639"},"modified":"2025-10-27T12:47:29","modified_gmt":"2025-10-27T16:47:29","slug":"letters-proclamations","status":"publish","type":"page","link":"https:\/\/danceparade.org\/es\/letters-proclamations\/","title":{"rendered":"Cartas y Proclamaciones"},"content":{"rendered":"<p>Dance Parade Inc es una organizaci\u00f3n 501 (c) 3 sin fines de lucro dedicada a promover la importancia de la salud y los beneficios culturales de la danza. Nuestra misi\u00f3n es la de promover la danza como una forma de expresi\u00f3n art\u00edstica y unificadora, mostrando todas sus formas, educando al p\u00fablico en general sobre las oportunidades de percibir la misma y celebrando la diversidad del baile en la ciudad de Nueva York, patrocinando un festival y un desfile anual de danza en toda la ciudad.<\/p>\n<table style=\"height: 1455px;\" width=\"903\">\n<tbody>\n<tr>\n<td valign=\"top\" width=\"400px\"><span style=\"font-size: x-large;\">Proclamations:<\/span><\/p>\n<p><a href=\"https:\/\/danceparade.org\/wp-content\/uploads\/2018\/04\/5-20-17MayorDeBlasioProclamation.pdf\"><span style=\"text-decoration: underline;\">New York City Mayoral Proclamation (2017)<\/span><\/a><\/p>\n<p><span style=\"text-decoration: underline;\"><a title=\"DeBlasio 2016 Proclamation\" href=\"https:\/\/danceparade.org\/wp-content\/uploads\/2018\/04\/MayoralProclamation2016..pdf\">New York City Mayoral Proclamation (2016)<\/a><\/span><\/p>\n<p><span style=\"text-decoration: underline;\"><a title=\"DeBlasio 2015 Proclamation\" href=\"https:\/\/danceparade.org\/wp-content\/uploads\/2015\/05\/2015-DP-Proclamation-Mayor.jpg\">New York City Mayoral Proclamation (2015)<\/a><\/span><\/p>\n<p><a href=\"https:\/\/danceparade.org\/wp-content\/uploads\/2018\/04\/Deblasio2014Proclamation.pdf\"><span style=\"text-decoration: underline;\">New York City Mayoral Proclamation (2014)<\/span><\/a><\/p>\n<p><a href=\"https:\/\/danceparade.org\/wp-content\/uploads\/2018\/04\/S4_2013-lt-CityCouncilProclamation.pdf\"><span style=\"text-decoration: underline;\">New York City Mayoral Proclamation (2013)<\/span><\/a><\/p>\n<p><a href=\"https:\/\/danceparade.org\/wp-content\/uploads\/2018\/04\/S4_2013-lt-CityCouncilProclamation.pdf\"><span style=\"text-decoration: underline;\">New York City Council Proclamation (2013)<\/span><\/a><\/p>\n<p><span style=\"text-decoration: underline;\">New York City Mayoral Proclamation (2012)<\/span><\/p>\n<p><span style=\"text-decoration: underline;\">New York City Mayoral Proclamation (2010)<\/span><\/p>\n<p><span style=\"text-decoration: underline;\">NY Senator Tom Duane Proclamation (2010)<\/span><\/p>\n<p><span style=\"text-decoration: underline;\">NYC Council Proclamation (2010)<\/span><\/p>\n<p><a href=\"https:\/\/danceparade.org\/wp-content\/uploads\/2018\/04\/CityOfNewYorkProclamation.pdf\"><span style=\"text-decoration: underline;\">New York City Mayoral Proclamation (2009)<\/span><\/a><\/td>\n<td valign=\"top\"><span style=\"font-size: x-large;\">Cartas de Apoyo:<\/span><\/p>\n<p><a href=\"https:\/\/danceparade.org\/wp-content\/uploads\/2018\/04\/2017_Support_Letter_from_NYS_Gov_Cuomo.pdf\">New York Governor Cuomo Letter of Support (2019)<\/a><\/p>\n<p><a href=\"https:\/\/danceparade.org\/wp-content\/uploads\/2018\/04\/2017_Support_Letter_from_NYS_Gov_Cuomo.pdf\">New York Governor Cuomo Letter of Support (2018)<\/a><\/p>\n<p><a href=\"https:\/\/danceparade.org\/wp-content\/uploads\/2018\/04\/2017_Support_Letter_from_NYS_Gov_Cuomo.pdf\"><span style=\"text-decoration: underline;\"><span style=\"text-decoration: underline;\">New York Governor Cuomo Letter of Support (2017)<\/span><\/span><\/a><\/p>\n<p><a href=\"https:\/\/danceparade.org\/wp-content\/uploads\/2018\/04\/RyeNeck2017Letter_Of_Support.pdf\"><span style=\"text-decoration: underline;\"><span style=\"text-decoration: underline;\">Rye Neck Schools Letter of Support (2017)<\/span><\/span><\/a><\/p>\n<p><a href=\"https:\/\/danceparade.org\/wp-content\/uploads\/2018\/04\/BaysideSeniorCenter2017Letter_Of_Support.pdf\"><span style=\"text-decoration: underline;\"><span style=\"text-decoration: underline;\">Ageless Action: Bayside Senior Center SU-CASA Letter of Support (2017)<\/span><\/span><\/a><\/p>\n<p><a href=\"https:\/\/danceparade.org\/wp-content\/uploads\/2018\/04\/2015-2017_IS347_LETTEROFSUPPORT.pdf\">IS347 Bushwick, Brooklyn Letter of Support (2016-2017)<\/a><\/p>\n<p><a href=\"https:\/\/danceparade.org\/wp-content\/uploads\/2018\/04\/GovCuomoLetter21May2016.pdf\"><span style=\"text-decoration: underline;\"><span style=\"text-decoration: underline;\">New York Governor Cuomo Letter of Support (2016)<\/span><\/span><\/a><\/p>\n<p><a href=\"https:\/\/danceparade.org\/wp-content\/uploads\/2018\/04\/S4_DPnycParksProc1.pdf\"><span style=\"text-decoration: underline;\"><span style=\"text-decoration: underline;\">NYC Parks Department Letter of Support (2016)<\/span><\/span><\/a><\/p>\n<p><a href=\"https:\/\/danceparade.org\/wp-content\/uploads\/2018\/04\/S3HoylmanLetter.pdf\"><span style=\"text-decoration: underline;\"><span style=\"text-decoration: underline;\">NYS Senator Brad Hoylman Letter of Support (2016)<\/span><\/span><\/a><\/p>\n<p><a href=\"https:\/\/danceparade.org\/wp-content\/uploads\/2018\/04\/S5_RosieSupportLetter5.21.16.pdf\"><span style=\"text-decoration: underline;\"><span style=\"text-decoration: underline;\">New York City Council Member Rosie Mendez (2016)<\/span><\/span><\/a><\/p>\n<p><a href=\"https:\/\/danceparade.org\/wp-content\/uploads\/2018\/04\/GovernorCuomo2015LetterOfSupport.pdf\"><span style=\"text-decoration: underline;\"><span style=\"text-decoration: underline;\">New York State Governor Andrew M. Cuomo (2015)<\/span><\/span><\/a><\/p>\n<p><a href=\"https:\/\/danceparade.org\/wp-content\/uploads\/2018\/04\/S3-Cuomo-Letter-2014.pdf\"><span style=\"text-decoration: underline;\">New York State Governor Andrew M. Cuomo (2014)<\/span><\/a><\/p>\n<p><a href=\"https:\/\/danceparade.org\/wp-content\/uploads\/2018\/04\/2014SchumerLetter.pdf\"><span style=\"text-decoration: underline;\">U.S. Senator Charles E. Schumer (2014)<\/span><\/a><\/p>\n<p><span style=\"text-decoration: underline;\">New York State Governor Andrew M. Cuomo (2013)<\/span><\/p>\n<p><span style=\"text-decoration: underline;\">U.S. Senator Charles E. Schumer (2013)<\/span><\/p>\n<p><a href=\"https:\/\/danceparade.org\/wp-content\/uploads\/2018\/04\/GovCuomo2012.pdf\"><span style=\"text-decoration: underline;\">New York State Governor Andrew M. Cuomo (2012)<\/span><\/a><\/p>\n<p><span style=\"text-decoration: underline;\">U.S. Senator Charles E. Schumer (2012)<\/span><\/p>\n<p><span style=\"text-decoration: underline;\">U.S. Senator Kirsten E. Gillibrand (2012)<\/span><\/p>\n<p><span style=\"text-decoration: underline;\">NYC Department of Parks &amp; Recreation (2012)<\/span><\/p>\n<p><span style=\"text-decoration: underline;\">U.S. Senator Kirsten E. Gillibrand (2010)<\/span><\/p>\n<p><span style=\"text-decoration: underline;\">New York State Governor David Paterson (2010)<\/span><\/p>\n<p><span style=\"text-decoration: underline;\">NYC Council Member Rosie Mendez (2010)<\/span><\/p>\n<p><a href=\"https:\/\/danceparade.org\/wp-content\/uploads\/2018\/04\/09-Mendez.pdf\"><span style=\"text-decoration: underline;\">NYC Council Member Rosie Mendez (2009)<\/span><\/a><\/p>\n<p><a href=\"https:\/\/danceparade.org\/wp-content\/uploads\/2018\/04\/09-Gerson.pdf\"><span style=\"text-decoration: underline;\">City Council Member Alan Gerson (2009)<\/span><\/a><\/p>\n<p><a href=\"https:\/\/danceparade.org\/wp-content\/uploads\/2018\/04\/09-Paterson.pdf\"><span style=\"text-decoration: underline;\">New York State Governor David Paterson (2009)<\/span><\/a><\/p>\n<p><a href=\"https:\/\/danceparade.org\/wp-content\/uploads\/2018\/04\/08-Paterson.pdf\"><span style=\"text-decoration: underline;\">NYS Governor David Paterson (2008)<\/span><\/a><\/p>\n<p><a href=\"https:\/\/danceparade.org\/wp-content\/uploads\/2018\/04\/08-Bloomberg.pdf\"><span style=\"text-decoration: underline;\">NYC Mayor Michael Bloomberg (2008)<\/span><\/a><\/p>\n<p><a href=\"https:\/\/danceparade.org\/wp-content\/uploads\/2018\/04\/08-Stringer.pdf\"><span style=\"text-decoration: underline;\">Manhattan Borough President Scott Stringer (2008)<\/span><\/a><\/td>\n<\/tr>\n<\/tbody>\n<\/table>\n<p>&nbsp;<\/p>","protected":false},"excerpt":{"rendered":"<p>Dance Parade Inc is a 501(c)3 non-profit organization set on promoting the importance of the health and cultural benefits of dance. Our mission is to promote dance as an expressive<\/p>\n<div class='heateorSssClear'><\/div><div  class='heateor_sss_sharing_container heateor_sss_horizontal_sharing' data-heateor-sss-href='https:\/\/danceparade.org\/es\/letters-proclamations\/'><div class='heateor_sss_sharing_title' style=\"font-weight:bold\" >Spread the love<\/div><div class=\"heateor_sss_sharing_ul\"><a aria-label=\"Facebook\" class=\"heateor_sss_facebook\" href=\"https:\/\/www.facebook.com\/sharer\/sharer.php?u=https%3A%2F%2Fdanceparade.org%2Fes%2Fletters-proclamations%2F\" title=\"Facebook\" rel=\"nofollow noopener\" target=\"_blank\" style=\"font-size:32px!important;box-shadow:none;display:inline-block;vertical-align:middle\"><span class=\"heateor_sss_svg\" style=\"background-color:#0765FE;width:35px;height:35px;display:inline-block;opacity:1;float:left;font-size:32px;box-shadow:none;display:inline-block;font-size:16px;padding:0 4px;vertical-align:middle;background-repeat:repeat;overflow:hidden;padding:0;cursor:pointer;box-sizing:content-box\"><svg style=\"display:block;\" focusable=\"false\" aria-hidden=\"true\" xmlns=\"http:\/\/www.w3.org\/2000\/svg\" width=\"100%\" height=\"100%\" viewbox=\"0 0 32 32\"><path fill=\"#fff\" d=\"M28 16c0-6.627-5.373-12-12-12S4 9.373 4 16c0 5.628 3.875 10.35 9.101 11.647v-7.98h-2.474V16H13.1v-1.58c0-4.085 1.849-5.978 5.859-5.978.76 0 2.072.15 2.608.298v3.325c-.283-.03-.775-.045-1.386-.045-1.967 0-2.728.745-2.728 2.683V16h3.92l-.673 3.667h-3.247v8.245C23.395 27.195 28 22.135 28 16Z\"><\/path><\/svg><\/span><span class=\"heateor_sss_square_count heateor_sss_facebook_count\">&nbsp;<\/span><\/a><a aria-label=\"X\" class=\"heateor_sss_button_x\" href=\"https:\/\/twitter.com\/intent\/tweet?via=DanceParadeNYC&text=Letters%20%26%20Proclamations&url=https%3A%2F%2Fdanceparade.org%2Fes%2Fletters-proclamations%2F\" title=\"X\" rel=\"nofollow noopener\" target=\"_blank\" style=\"font-size:32px!important;box-shadow:none;display:inline-block;vertical-align:middle\"><span class=\"heateor_sss_svg heateor_sss_s__default heateor_sss_s_x\" style=\"background-color:#2a2a2a;width:35px;height:35px;display:inline-block;opacity:1;float:left;font-size:32px;box-shadow:none;display:inline-block;font-size:16px;padding:0 4px;vertical-align:middle;background-repeat:repeat;overflow:hidden;padding:0;cursor:pointer;box-sizing:content-box\"><svg width=\"100%\" height=\"100%\" style=\"display:block;\" focusable=\"false\" aria-hidden=\"true\" xmlns=\"http:\/\/www.w3.org\/2000\/svg\" viewbox=\"0 0 32 32\"><path fill=\"#fff\" d=\"M21.751 7h3.067l-6.7 7.658L26 25.078h-6.172l-4.833-6.32-5.531 6.32h-3.07l7.167-8.19L6 7h6.328l4.37 5.777L21.75 7Zm-1.076 16.242h1.7L11.404 8.74H9.58l11.094 14.503Z\"><\/path><\/svg><\/span><span class=\"heateor_sss_square_count heateor_sss_X_count\">&nbsp;<\/span><\/a><a aria-label=\"Instagram\" class=\"heateor_sss_button_instagram\" href=\"https:\/\/www.instagram.com\/DanceParadeNYC\" title=\"Instagram\" rel=\"nofollow noopener\" target=\"_blank\" style=\"font-size:32px!important;box-shadow:none;display:inline-block;vertical-align:middle\"><span class=\"heateor_sss_svg\" style=\"background-color:#53beee;width:35px;height:35px;display:inline-block;opacity:1;float:left;font-size:32px;box-shadow:none;display:inline-block;font-size:16px;padding:0 4px;vertical-align:middle;background-repeat:repeat;overflow:hidden;padding:0;cursor:pointer;box-sizing:content-box\"><svg style=\"display:block;\" version=\"1.1\" viewbox=\"-10 -10 148 148\" width=\"100%\" height=\"100%\" xml:space=\"preserve\" xmlns=\"http:\/\/www.w3.org\/2000\/svg\" xmlns:xlink=\"http:\/\/www.w3.org\/1999\/xlink\"><g><g><path d=\"M86,112H42c-14.336,0-26-11.663-26-26V42c0-14.337,11.664-26,26-26h44c14.337,0,26,11.663,26,26v44 C112,100.337,100.337,112,86,112z M42,24c-9.925,0-18,8.074-18,18v44c0,9.925,8.075,18,18,18h44c9.926,0,18-8.075,18-18V42 c0-9.926-8.074-18-18-18H42z\" fill=\"#fff\"><\/path><\/g><g><path d=\"M64,88c-13.234,0-24-10.767-24-24c0-13.234,10.766-24,24-24s24,10.766,24,24C88,77.233,77.234,88,64,88z M64,48c-8.822,0-16,7.178-16,16s7.178,16,16,16c8.822,0,16-7.178,16-16S72.822,48,64,48z\" fill=\"#fff\"><\/path><\/g><g><circle cx=\"89.5\" cy=\"38.5\" fill=\"#fff\" r=\"5.5\"><\/circle><\/g><\/g><\/svg><\/span><span class=\"heateor_sss_square_count heateor_sss_instagram_count\">&nbsp;<\/span><\/a><a aria-label=\"Youtube\" class=\"heateor_sss_button_youtube\" href=\"https:\/\/www.youtube.com\/@danceparade\" title=\"Youtube\" rel=\"nofollow noopener\" target=\"_blank\" style=\"font-size:32px!important;box-shadow:none;display:inline-block;vertical-align:middle\"><span class=\"heateor_sss_svg heateor_sss_s__default heateor_sss_s_youtube\" style=\"background-color:red;width:35px;height:35px;display:inline-block;opacity:1;float:left;font-size:32px;box-shadow:none;display:inline-block;font-size:16px;padding:0 4px;vertical-align:middle;background-repeat:repeat;overflow:hidden;padding:0;cursor:pointer;box-sizing:content-box\"><svg style=\"display:block;\" focusable=\"false\" aria-hidden=\"true\" xmlns=\"http:\/\/www.w3.org\/2000\/svg\" width=\"100%\" height=\"100%\" viewbox=\"0 0 32 32\"><path fill=\"#fff\" d=\"M26.78 11.6s-.215-1.515-.875-2.183c-.837-.876-1.774-.88-2.204-.932-3.075-.222-7.693-.222-7.693-.222h-.01s-4.618 0-7.697.222c-.43.05-1.368.056-2.205.932-.66.668-.874 2.184-.874 2.184S5 13.386 5 15.166v1.67c0 1.78.22 3.56.22 3.56s.215 1.516.874 2.184c.837.875 1.936.85 2.426.94 1.76.17 7.48.22 7.48.22s4.623-.007 7.7-.23c.43-.05 1.37-.056 2.205-.932.66-.668.875-2.184.875-2.184s.22-1.78.22-3.56v-1.67c0-1.78-.22-3.56-.22-3.56zm-13.052 7.254v-6.18l5.944 3.1-5.944 3.08z\"><\/path><\/svg><\/span><span class=\"heateor_sss_square_count heateor_sss_youtube_count\">&nbsp;<\/span><\/a><a style=\"font-size:32px!important;box-shadow: none;display: inline-block!important;font-size: 16px;padding: 0 4px;vertical-align: middle;display:inline;\" class=\"heateorSssSharingRound\"><span class=\"heateor_sss_square_count\">&nbsp;<\/span><div style=\"width:35px;height:35px;margin-left:9px !important;\" title=\"Compartidos totales\" class=\"heateorSssSharing heateorSssTCBackground\"><\/div><\/a><\/div><div class=\"heateorSssClear\"><\/div><\/div><div class='heateorSssClear'><\/div>","protected":false},"author":3,"featured_media":0,"parent":0,"menu_order":0,"comment_status":"closed","ping_status":"closed","template":"","meta":{"_monsterinsights_skip_tracking":false,"_monsterinsights_sitenote_active":false,"_monsterinsights_sitenote_note":"","_monsterinsights_sitenote_category":0,"footnotes":""},"class_list":["post-639","page","type-page","status-publish","hentry","prodpage-classic"],"yoast_head":"<!-- This site is optimized with the Yoast SEO plugin v27.5 - https:\/\/yoast.com\/product\/yoast-seo-wordpress\/ -->\n<title>Letters &amp; Proclamations - Dance Parade<\/title>\n<meta name=\"description\" content=\"Dance Parade | 10,000 dancers on Broadway, NYC each May!\" \/>\n<meta name=\"robots\" content=\"index, follow, max-snippet:-1, max-image-preview:large, max-video-preview:-1\" \/>\n<link rel=\"canonical\" href=\"https:\/\/danceparade.org\/es\/letters-proclamations\/\" \/>\n<meta property=\"og:locale\" content=\"es_ES\" \/>\n<meta property=\"og:type\" content=\"article\" \/>\n<meta property=\"og:title\" content=\"Letters &amp; Proclamations - Dance Parade\" \/>\n<meta property=\"og:description\" content=\"Dance Parade | 10,000 dancers on Broadway, NYC each May!\" \/>\n<meta property=\"og:url\" content=\"https:\/\/danceparade.org\/es\/letters-proclamations\/\" \/>\n<meta property=\"og:site_name\" content=\"Dance Parade\" \/>\n<meta property=\"article:publisher\" content=\"https:\/\/www.facebook.com\/danceparadenyc\/\" \/>\n<meta property=\"article:modified_time\" content=\"2025-10-27T16:47:29+00:00\" \/>\n<meta property=\"og:image\" content=\"https:\/\/danceparade.org\/wp-content\/uploads\/2022\/03\/DP2019-logo-horizontal-with-stroke1.jpg\" \/>\n\t<meta property=\"og:image:width\" content=\"1343\" \/>\n\t<meta property=\"og:image:height\" content=\"316\" \/>\n\t<meta property=\"og:image:type\" content=\"image\/jpeg\" \/>\n<meta name=\"twitter:card\" content=\"summary_large_image\" \/>\n<meta name=\"twitter:site\" content=\"@DanceParadeNYC\" \/>\n<meta name=\"twitter:label1\" content=\"Tiempo de lectura\" \/>\n\t<meta name=\"twitter:data1\" content=\"2 minutos\" \/>\n<script type=\"application\/ld+json\" class=\"yoast-schema-graph\">{\"@context\":\"https:\\\/\\\/schema.org\",\"@graph\":[{\"@type\":\"WebPage\",\"@id\":\"https:\\\/\\\/danceparade.org\\\/letters-proclamations\\\/\",\"url\":\"https:\\\/\\\/danceparade.org\\\/letters-proclamations\\\/\",\"name\":\"Letters & Proclamations - Dance Parade\",\"isPartOf\":{\"@id\":\"https:\\\/\\\/danceparade.org\\\/#website\"},\"datePublished\":\"2018-02-21T20:27:58+00:00\",\"dateModified\":\"2025-10-27T16:47:29+00:00\",\"description\":\"Dance Parade | 10,000 dancers on Broadway, NYC each May!\",\"breadcrumb\":{\"@id\":\"https:\\\/\\\/danceparade.org\\\/letters-proclamations\\\/#breadcrumb\"},\"inLanguage\":\"es\",\"potentialAction\":[{\"@type\":\"ReadAction\",\"target\":[\"https:\\\/\\\/danceparade.org\\\/letters-proclamations\\\/\"]}]},{\"@type\":\"BreadcrumbList\",\"@id\":\"https:\\\/\\\/danceparade.org\\\/letters-proclamations\\\/#breadcrumb\",\"itemListElement\":[{\"@type\":\"ListItem\",\"position\":1,\"name\":\"Home\",\"item\":\"https:\\\/\\\/danceparade.org\\\/\"},{\"@type\":\"ListItem\",\"position\":2,\"name\":\"Letters &#038; Proclamations\"}]},{\"@type\":\"WebSite\",\"@id\":\"https:\\\/\\\/danceparade.org\\\/#website\",\"url\":\"https:\\\/\\\/danceparade.org\\\/\",\"name\":\"Dance Parade\",\"description\":\"10,000 dancers on Broadway, NYC each May!\",\"publisher\":{\"@id\":\"https:\\\/\\\/danceparade.org\\\/#organization\"},\"alternateName\":\"Dance Parade | 10,000 dancers on Broadway, NYC each May!\",\"potentialAction\":[{\"@type\":\"SearchAction\",\"target\":{\"@type\":\"EntryPoint\",\"urlTemplate\":\"https:\\\/\\\/danceparade.org\\\/?s={search_term_string}\"},\"query-input\":{\"@type\":\"PropertyValueSpecification\",\"valueRequired\":true,\"valueName\":\"search_term_string\"}}],\"inLanguage\":\"es\"},{\"@type\":\"Organization\",\"@id\":\"https:\\\/\\\/danceparade.org\\\/#organization\",\"name\":\"Dance Parade\",\"alternateName\":\"Dance Parade | 10,000 dancers on Broadway, NYC each May!\",\"url\":\"https:\\\/\\\/danceparade.org\\\/\",\"logo\":{\"@type\":\"ImageObject\",\"inLanguage\":\"es\",\"@id\":\"https:\\\/\\\/danceparade.org\\\/#\\\/schema\\\/logo\\\/image\\\/\",\"url\":\"https:\\\/\\\/danceparade.org\\\/wp-content\\\/uploads\\\/2022\\\/03\\\/DP2019-logo-horizontal-with-stroke1.jpg\",\"contentUrl\":\"https:\\\/\\\/danceparade.org\\\/wp-content\\\/uploads\\\/2022\\\/03\\\/DP2019-logo-horizontal-with-stroke1.jpg\",\"width\":1343,\"height\":316,\"caption\":\"Dance Parade\"},\"image\":{\"@id\":\"https:\\\/\\\/danceparade.org\\\/#\\\/schema\\\/logo\\\/image\\\/\"},\"sameAs\":[\"https:\\\/\\\/www.facebook.com\\\/danceparadenyc\\\/\",\"https:\\\/\\\/x.com\\\/DanceParadeNYC\",\"https:\\\/\\\/www.instagram.com\\\/DanceParadeNYC\",\"https:\\\/\\\/www.youtube.com\\\/@danceparade\",\"https:\\\/\\\/www.tiktok.com\\\/@danceparadenyc\"]}]}<\/script>\n<!-- \/ Yoast SEO plugin. -->","yoast_head_json":{"title":"Letters & Proclamations - Dance Parade","description":"Dance Parade | 10,000 dancers on Broadway, NYC each May!","robots":{"index":"index","follow":"follow","max-snippet":"max-snippet:-1","max-image-preview":"max-image-preview:large","max-video-preview":"max-video-preview:-1"},"canonical":"https:\/\/danceparade.org\/es\/letters-proclamations\/","og_locale":"es_ES","og_type":"article","og_title":"Letters & Proclamations - Dance Parade","og_description":"Dance Parade | 10,000 dancers on Broadway, NYC each May!","og_url":"https:\/\/danceparade.org\/es\/letters-proclamations\/","og_site_name":"Dance Parade","article_publisher":"https:\/\/www.facebook.com\/danceparadenyc\/","article_modified_time":"2025-10-27T16:47:29+00:00","og_image":[{"width":1343,"height":316,"url":"https:\/\/danceparade.org\/wp-content\/uploads\/2022\/03\/DP2019-logo-horizontal-with-stroke1.jpg","type":"image\/jpeg"}],"twitter_card":"summary_large_image","twitter_site":"@DanceParadeNYC","twitter_misc":{"Tiempo de lectura":"2 minutos"},"schema":{"@context":"https:\/\/schema.org","@graph":[{"@type":"WebPage","@id":"https:\/\/danceparade.org\/letters-proclamations\/","url":"https:\/\/danceparade.org\/letters-proclamations\/","name":"Letters & Proclamations - Dance Parade","isPartOf":{"@id":"https:\/\/danceparade.org\/#website"},"datePublished":"2018-02-21T20:27:58+00:00","dateModified":"2025-10-27T16:47:29+00:00","description":"Dance Parade | 10,000 dancers on Broadway, NYC each May!","breadcrumb":{"@id":"https:\/\/danceparade.org\/letters-proclamations\/#breadcrumb"},"inLanguage":"es","potentialAction":[{"@type":"ReadAction","target":["https:\/\/danceparade.org\/letters-proclamations\/"]}]},{"@type":"BreadcrumbList","@id":"https:\/\/danceparade.org\/letters-proclamations\/#breadcrumb","itemListElement":[{"@type":"ListItem","position":1,"name":"Home","item":"https:\/\/danceparade.org\/"},{"@type":"ListItem","position":2,"name":"Letters &#038; Proclamations"}]},{"@type":"WebSite","@id":"https:\/\/danceparade.org\/#website","url":"https:\/\/danceparade.org\/","name":"Dance Parade","description":"Desfile de Baile","publisher":{"@id":"https:\/\/danceparade.org\/#organization"},"alternateName":"Dance Parade | 10,000 dancers on Broadway, NYC each May!","potentialAction":[{"@type":"SearchAction","target":{"@type":"EntryPoint","urlTemplate":"https:\/\/danceparade.org\/?s={search_term_string}"},"query-input":{"@type":"PropertyValueSpecification","valueRequired":true,"valueName":"search_term_string"}}],"inLanguage":"es"},{"@type":"Organization","@id":"https:\/\/danceparade.org\/#organization","name":"Dance Parade","alternateName":"Dance Parade | 10,000 dancers on Broadway, NYC each May!","url":"https:\/\/danceparade.org\/","logo":{"@type":"ImageObject","inLanguage":"es","@id":"https:\/\/danceparade.org\/#\/schema\/logo\/image\/","url":"https:\/\/danceparade.org\/wp-content\/uploads\/2022\/03\/DP2019-logo-horizontal-with-stroke1.jpg","contentUrl":"https:\/\/danceparade.org\/wp-content\/uploads\/2022\/03\/DP2019-logo-horizontal-with-stroke1.jpg","width":1343,"height":316,"caption":"Dance Parade"},"image":{"@id":"https:\/\/danceparade.org\/#\/schema\/logo\/image\/"},"sameAs":["https:\/\/www.facebook.com\/danceparadenyc\/","https:\/\/x.com\/DanceParadeNYC","https:\/\/www.instagram.com\/DanceParadeNYC","https:\/\/www.youtube.com\/@danceparade","https:\/\/www.tiktok.com\/@danceparadenyc"]}]}},"_links":{"self":[{"href":"https:\/\/danceparade.org\/es\/wp-json\/wp\/v2\/pages\/639","targetHints":{"allow":["GET"]}}],"collection":[{"href":"https:\/\/danceparade.org\/es\/wp-json\/wp\/v2\/pages"}],"about":[{"href":"https:\/\/danceparade.org\/es\/wp-json\/wp\/v2\/types\/page"}],"author":[{"embeddable":true,"href":"https:\/\/danceparade.org\/es\/wp-json\/wp\/v2\/users\/3"}],"replies":[{"embeddable":true,"href":"https:\/\/danceparade.org\/es\/wp-json\/wp\/v2\/comments?post=639"}],"version-history":[{"count":0,"href":"https:\/\/danceparade.org\/es\/wp-json\/wp\/v2\/pages\/639\/revisions"}],"wp:attachment":[{"href":"https:\/\/danceparade.org\/es\/wp-json\/wp\/v2\/media?parent=639"}],"curies":[{"name":"wp","href":"https:\/\/api.w.org\/{rel}","templated":true}]}}