{"id":280,"date":"2018-02-03T06:57:13","date_gmt":"2018-02-03T06:57:13","guid":{"rendered":"https:\/\/dev-dp-build.pantheonsite.io\/?page_id=280"},"modified":"2026-02-23T22:24:09","modified_gmt":"2026-02-24T03:24:09","slug":"grandstand-seating","status":"publish","type":"page","link":"https:\/\/danceparade.org\/es\/grandstand-seating\/","title":{"rendered":"Grada de Asientos"},"content":{"rendered":"<p>El\u00a0<strong>Saturday May 21st, 2018<\/strong>\u00a0get the best seat\u00a0on the parade route as 10,000 dancers stop and perform in front of this year\u2019s Grandstand!\u00a0 Watch 150 dance organizations be announced by our Emcee as they dance their way to\u00a0Tompkins Square Park for DanceFest. Bring your camera\u2013there\u2019s no other event quite like it!<\/p>\n<h2>\u00a1Obt\u00e9n un asiento en primera fila para celebrar el evento de mayor diversidad cultural del mundo!<\/h2>\n<h2>$30 to $100 Grandstand Tickets support the production of Dance Parade and DanceFest<\/h2>\n<p><strong>D\u00f3nde: \u00a0<\/strong>La Grada de asientos estar\u00e1 situada en el cruce de la calle Eighth St y University Place.<\/p>\n<p><strong>Cu\u00e1ndo:\u00a0<\/strong>\u00a0La grada de asientos se abre a las 12.30h del medio d\u00eda. Su ticket le asegura un asiento en la las gradas. Sin embargo, los asientos est\u00e1n disponibles para todas aquellas personas que disponen de tickets, por lo que se recomienda llegar cuanto antes para asegurarse un buen sitio. A las personas sentadas en las gradas de asientos se les ofrecer\u00e1 agua.<\/p>\n<p><strong>Por qu\u00e9: \u00a0<\/strong>Esta ubicaci\u00f3n es perfecta para ver el desfile y se encuentra a una corta distancia a pie de 'DanceFest', el festival que le sigue al desfile en el parque de Tompkins Square. Nuestro presentador anunciar\u00e1 a cada grupo y todos los bailarines se turnar\u00e1n para actuar frente a la Grada de Asientos.<\/p>\n<p><strong>Prop\u00f3sito:\u00a0<\/strong>Los fondos recaudados de la grada de asientos cubrir\u00e1n el coste del desfile de Dance Parade &amp; Festival.<\/p>\n<p>Moveremos nuestras caderas por Broadway, bailaremos hula hula, swing pasando al ritmo del paso irland\u00e9s por Union Square hasta llegar a University Place. En la calle Eighth St (donde se encuentra la grada de asientos) giraremos a la izquierda y Salsearemos, viviremos Tango y Waltz East hacia la plaza Saint Marks Place. Nuestras carrozas de  House, Techno y Disco tendr\u00e1n a los asistentes de la tarde movi\u00e9ndose mientras nos ven dirigi\u00e9ndonos al coraz\u00f3n de East Village. Desde all\u00ed, nos dejaremos llevar a DanceFest en Tompkins Square Park. En DanceFest nos reuniremos y celebraremos juntos viendo espect\u00e1culos de baile gratuitos, con la oportunidad de tomar clases de baile gratuitas y disfrutar de la fiesta de baile. Nuestra misi\u00f3n es la de promover la danza como una forma de expresi\u00f3n art\u00edstica y unificadora, mostrando todas sus formas, educando al p\u00fablico en general sobre las oportunidades de percibir la misma y celebrando la diversidad del baile.<strong>Precio: \u00a0<\/strong>La Venta Anticipada tiene un precio de $35 y el D\u00eda del Desfile el precio ser\u00e1 de $50.<\/p>\n<p>La venta de entradas para el D\u00eda del Desfile comienza en la grada de asientos a las 13.00h del medio d\u00eda. La disponibilidad es limitada.<\/p>\n<p>La grada de asientos contar\u00e1 con un Presentador y  un DJ para anunciar a cada grupo a medida que avanzan y se embarcan en los \u00faltimos bloques del desfile, \u00a1girando a la izquierda en St. Mark\u2019s Place hacia DanceFest en Tompkins Square Park! \u00a1No dudes en ponerte en contacto con\u00a0<a href=\"mailto:hal@DanceParade.org\">alan@DanceParade.org<\/a>\u00a0si necesitas m\u00e1s informaci\u00f3n!<\/p>","protected":false},"excerpt":{"rendered":"<p>On\u00a0Saturday May 21st, 2018\u00a0get the best seat\u00a0on the parade route as 10,000 dancers stop and perform in front of this year\u2019s Grandstand!\u00a0 Watch 150 dance organizations be announced by our<\/p>\n<div class='heateorSssClear'><\/div><div  class='heateor_sss_sharing_container heateor_sss_horizontal_sharing' data-heateor-sss-href='https:\/\/danceparade.org\/es\/grandstand-seating\/'><div class='heateor_sss_sharing_title' style=\"font-weight:bold\" >Spread the love<\/div><div class=\"heateor_sss_sharing_ul\"><a aria-label=\"Facebook\" class=\"heateor_sss_facebook\" href=\"https:\/\/www.facebook.com\/sharer\/sharer.php?u=https%3A%2F%2Fdanceparade.org%2Fes%2Fgrandstand-seating%2F\" title=\"Facebook\" rel=\"nofollow noopener\" target=\"_blank\" style=\"font-size:32px!important;box-shadow:none;display:inline-block;vertical-align:middle\"><span class=\"heateor_sss_svg\" style=\"background-color:#0765FE;width:35px;height:35px;display:inline-block;opacity:1;float:left;font-size:32px;box-shadow:none;display:inline-block;font-size:16px;padding:0 4px;vertical-align:middle;background-repeat:repeat;overflow:hidden;padding:0;cursor:pointer;box-sizing:content-box\"><svg style=\"display:block;\" focusable=\"false\" aria-hidden=\"true\" xmlns=\"http:\/\/www.w3.org\/2000\/svg\" width=\"100%\" height=\"100%\" viewbox=\"0 0 32 32\"><path fill=\"#fff\" d=\"M28 16c0-6.627-5.373-12-12-12S4 9.373 4 16c0 5.628 3.875 10.35 9.101 11.647v-7.98h-2.474V16H13.1v-1.58c0-4.085 1.849-5.978 5.859-5.978.76 0 2.072.15 2.608.298v3.325c-.283-.03-.775-.045-1.386-.045-1.967 0-2.728.745-2.728 2.683V16h3.92l-.673 3.667h-3.247v8.245C23.395 27.195 28 22.135 28 16Z\"><\/path><\/svg><\/span><span class=\"heateor_sss_square_count heateor_sss_facebook_count\">&nbsp;<\/span><\/a><a aria-label=\"X\" class=\"heateor_sss_button_x\" href=\"https:\/\/twitter.com\/intent\/tweet?via=DanceParadeNYC&text=Grandstand%20Seating&url=https%3A%2F%2Fdanceparade.org%2Fes%2Fgrandstand-seating%2F\" title=\"X\" rel=\"nofollow noopener\" target=\"_blank\" style=\"font-size:32px!important;box-shadow:none;display:inline-block;vertical-align:middle\"><span class=\"heateor_sss_svg heateor_sss_s__default heateor_sss_s_x\" style=\"background-color:#2a2a2a;width:35px;height:35px;display:inline-block;opacity:1;float:left;font-size:32px;box-shadow:none;display:inline-block;font-size:16px;padding:0 4px;vertical-align:middle;background-repeat:repeat;overflow:hidden;padding:0;cursor:pointer;box-sizing:content-box\"><svg width=\"100%\" height=\"100%\" style=\"display:block;\" focusable=\"false\" aria-hidden=\"true\" xmlns=\"http:\/\/www.w3.org\/2000\/svg\" viewbox=\"0 0 32 32\"><path fill=\"#fff\" d=\"M21.751 7h3.067l-6.7 7.658L26 25.078h-6.172l-4.833-6.32-5.531 6.32h-3.07l7.167-8.19L6 7h6.328l4.37 5.777L21.75 7Zm-1.076 16.242h1.7L11.404 8.74H9.58l11.094 14.503Z\"><\/path><\/svg><\/span><span class=\"heateor_sss_square_count heateor_sss_X_count\">&nbsp;<\/span><\/a><a aria-label=\"Instagram\" class=\"heateor_sss_button_instagram\" href=\"https:\/\/www.instagram.com\/DanceParadeNYC\" title=\"Instagram\" rel=\"nofollow noopener\" target=\"_blank\" style=\"font-size:32px!important;box-shadow:none;display:inline-block;vertical-align:middle\"><span class=\"heateor_sss_svg\" style=\"background-color:#53beee;width:35px;height:35px;display:inline-block;opacity:1;float:left;font-size:32px;box-shadow:none;display:inline-block;font-size:16px;padding:0 4px;vertical-align:middle;background-repeat:repeat;overflow:hidden;padding:0;cursor:pointer;box-sizing:content-box\"><svg style=\"display:block;\" version=\"1.1\" viewbox=\"-10 -10 148 148\" width=\"100%\" height=\"100%\" xml:space=\"preserve\" xmlns=\"http:\/\/www.w3.org\/2000\/svg\" xmlns:xlink=\"http:\/\/www.w3.org\/1999\/xlink\"><g><g><path d=\"M86,112H42c-14.336,0-26-11.663-26-26V42c0-14.337,11.664-26,26-26h44c14.337,0,26,11.663,26,26v44 C112,100.337,100.337,112,86,112z M42,24c-9.925,0-18,8.074-18,18v44c0,9.925,8.075,18,18,18h44c9.926,0,18-8.075,18-18V42 c0-9.926-8.074-18-18-18H42z\" fill=\"#fff\"><\/path><\/g><g><path d=\"M64,88c-13.234,0-24-10.767-24-24c0-13.234,10.766-24,24-24s24,10.766,24,24C88,77.233,77.234,88,64,88z M64,48c-8.822,0-16,7.178-16,16s7.178,16,16,16c8.822,0,16-7.178,16-16S72.822,48,64,48z\" fill=\"#fff\"><\/path><\/g><g><circle cx=\"89.5\" cy=\"38.5\" fill=\"#fff\" r=\"5.5\"><\/circle><\/g><\/g><\/svg><\/span><span class=\"heateor_sss_square_count heateor_sss_instagram_count\">&nbsp;<\/span><\/a><a aria-label=\"Youtube\" class=\"heateor_sss_button_youtube\" href=\"https:\/\/www.youtube.com\/@danceparade\" title=\"Youtube\" rel=\"nofollow noopener\" target=\"_blank\" style=\"font-size:32px!important;box-shadow:none;display:inline-block;vertical-align:middle\"><span class=\"heateor_sss_svg heateor_sss_s__default heateor_sss_s_youtube\" style=\"background-color:red;width:35px;height:35px;display:inline-block;opacity:1;float:left;font-size:32px;box-shadow:none;display:inline-block;font-size:16px;padding:0 4px;vertical-align:middle;background-repeat:repeat;overflow:hidden;padding:0;cursor:pointer;box-sizing:content-box\"><svg style=\"display:block;\" focusable=\"false\" aria-hidden=\"true\" xmlns=\"http:\/\/www.w3.org\/2000\/svg\" width=\"100%\" height=\"100%\" viewbox=\"0 0 32 32\"><path fill=\"#fff\" d=\"M26.78 11.6s-.215-1.515-.875-2.183c-.837-.876-1.774-.88-2.204-.932-3.075-.222-7.693-.222-7.693-.222h-.01s-4.618 0-7.697.222c-.43.05-1.368.056-2.205.932-.66.668-.874 2.184-.874 2.184S5 13.386 5 15.166v1.67c0 1.78.22 3.56.22 3.56s.215 1.516.874 2.184c.837.875 1.936.85 2.426.94 1.76.17 7.48.22 7.48.22s4.623-.007 7.7-.23c.43-.05 1.37-.056 2.205-.932.66-.668.875-2.184.875-2.184s.22-1.78.22-3.56v-1.67c0-1.78-.22-3.56-.22-3.56zm-13.052 7.254v-6.18l5.944 3.1-5.944 3.08z\"><\/path><\/svg><\/span><span class=\"heateor_sss_square_count heateor_sss_youtube_count\">&nbsp;<\/span><\/a><a style=\"font-size:32px!important;box-shadow: none;display: inline-block!important;font-size: 16px;padding: 0 4px;vertical-align: middle;display:inline;\" class=\"heateorSssSharingRound\"><span class=\"heateor_sss_square_count\">&nbsp;<\/span><div style=\"width:35px;height:35px;margin-left:9px !important;\" title=\"Compartidos totales\" class=\"heateorSssSharing heateorSssTCBackground\"><\/div><\/a><\/div><div class=\"heateorSssClear\"><\/div><\/div><div class='heateorSssClear'><\/div>","protected":false},"author":3,"featured_media":0,"parent":0,"menu_order":0,"comment_status":"closed","ping_status":"closed","template":"","meta":{"_monsterinsights_skip_tracking":false,"_monsterinsights_sitenote_active":false,"_monsterinsights_sitenote_note":"","_monsterinsights_sitenote_category":0,"footnotes":""},"class_list":["post-280","page","type-page","status-publish","hentry","prodpage-classic"],"yoast_head":"<!-- This site is optimized with the Yoast SEO plugin v27.5 - https:\/\/yoast.com\/product\/yoast-seo-wordpress\/ -->\n<title>Grandstand Seating - Dance Parade<\/title>\n<meta name=\"description\" content=\"Get the best seat\u00a0on the parade route as 10,000 dancers stop and perform in front of this year\u2019s Grandstand!Get a front row seat to celebrate the most culturally diverse event in the world\" \/>\n<meta name=\"robots\" content=\"index, follow, max-snippet:-1, max-image-preview:large, max-video-preview:-1\" \/>\n<link rel=\"canonical\" href=\"https:\/\/danceparade.org\/es\/grandstand-seating\/\" \/>\n<meta property=\"og:locale\" content=\"es_ES\" \/>\n<meta property=\"og:type\" content=\"article\" \/>\n<meta property=\"og:title\" content=\"Grandstand Seating - Dance Parade\" \/>\n<meta property=\"og:description\" content=\"Get the best seat\u00a0on the parade route as 10,000 dancers stop and perform in front of this year\u2019s Grandstand!Get a front row seat to celebrate the most culturally diverse event in the world\" \/>\n<meta property=\"og:url\" content=\"https:\/\/danceparade.org\/es\/grandstand-seating\/\" \/>\n<meta property=\"og:site_name\" content=\"Dance Parade\" \/>\n<meta property=\"article:publisher\" content=\"https:\/\/www.facebook.com\/danceparadenyc\/\" \/>\n<meta property=\"article:modified_time\" content=\"2026-02-24T03:24:09+00:00\" \/>\n<meta property=\"og:image\" content=\"https:\/\/danceparade.org\/wp-content\/uploads\/2022\/03\/DP2019-logo-horizontal-with-stroke1.jpg\" \/>\n\t<meta property=\"og:image:width\" content=\"1343\" \/>\n\t<meta property=\"og:image:height\" content=\"316\" \/>\n\t<meta property=\"og:image:type\" content=\"image\/jpeg\" \/>\n<meta name=\"twitter:card\" content=\"summary_large_image\" \/>\n<meta name=\"twitter:site\" content=\"@DanceParadeNYC\" \/>\n<meta name=\"twitter:label1\" content=\"Tiempo de lectura\" \/>\n\t<meta name=\"twitter:data1\" content=\"2 minutos\" \/>\n<script type=\"application\/ld+json\" class=\"yoast-schema-graph\">{\"@context\":\"https:\\\/\\\/schema.org\",\"@graph\":[{\"@type\":\"WebPage\",\"@id\":\"https:\\\/\\\/danceparade.org\\\/grandstand-seating\\\/\",\"url\":\"https:\\\/\\\/danceparade.org\\\/grandstand-seating\\\/\",\"name\":\"Grandstand Seating - Dance Parade\",\"isPartOf\":{\"@id\":\"https:\\\/\\\/danceparade.org\\\/#website\"},\"datePublished\":\"2018-02-03T06:57:13+00:00\",\"dateModified\":\"2026-02-24T03:24:09+00:00\",\"description\":\"Get the best seat\u00a0on the parade route as 10,000 dancers stop and perform in front of this year\u2019s Grandstand!Get a front row seat to celebrate the most culturally diverse event in the world\",\"breadcrumb\":{\"@id\":\"https:\\\/\\\/danceparade.org\\\/grandstand-seating\\\/#breadcrumb\"},\"inLanguage\":\"es\",\"potentialAction\":[{\"@type\":\"ReadAction\",\"target\":[\"https:\\\/\\\/danceparade.org\\\/grandstand-seating\\\/\"]}]},{\"@type\":\"BreadcrumbList\",\"@id\":\"https:\\\/\\\/danceparade.org\\\/grandstand-seating\\\/#breadcrumb\",\"itemListElement\":[{\"@type\":\"ListItem\",\"position\":1,\"name\":\"Home\",\"item\":\"https:\\\/\\\/danceparade.org\\\/\"},{\"@type\":\"ListItem\",\"position\":2,\"name\":\"Grandstand Seating\"}]},{\"@type\":\"WebSite\",\"@id\":\"https:\\\/\\\/danceparade.org\\\/#website\",\"url\":\"https:\\\/\\\/danceparade.org\\\/\",\"name\":\"Dance Parade\",\"description\":\"10,000 dancers on Broadway, NYC each May!\",\"publisher\":{\"@id\":\"https:\\\/\\\/danceparade.org\\\/#organization\"},\"alternateName\":\"Dance Parade | 10,000 dancers on Broadway, NYC each May!\",\"potentialAction\":[{\"@type\":\"SearchAction\",\"target\":{\"@type\":\"EntryPoint\",\"urlTemplate\":\"https:\\\/\\\/danceparade.org\\\/?s={search_term_string}\"},\"query-input\":{\"@type\":\"PropertyValueSpecification\",\"valueRequired\":true,\"valueName\":\"search_term_string\"}}],\"inLanguage\":\"es\"},{\"@type\":\"Organization\",\"@id\":\"https:\\\/\\\/danceparade.org\\\/#organization\",\"name\":\"Dance Parade\",\"alternateName\":\"Dance Parade | 10,000 dancers on Broadway, NYC each May!\",\"url\":\"https:\\\/\\\/danceparade.org\\\/\",\"logo\":{\"@type\":\"ImageObject\",\"inLanguage\":\"es\",\"@id\":\"https:\\\/\\\/danceparade.org\\\/#\\\/schema\\\/logo\\\/image\\\/\",\"url\":\"https:\\\/\\\/danceparade.org\\\/wp-content\\\/uploads\\\/2022\\\/03\\\/DP2019-logo-horizontal-with-stroke1.jpg\",\"contentUrl\":\"https:\\\/\\\/danceparade.org\\\/wp-content\\\/uploads\\\/2022\\\/03\\\/DP2019-logo-horizontal-with-stroke1.jpg\",\"width\":1343,\"height\":316,\"caption\":\"Dance Parade\"},\"image\":{\"@id\":\"https:\\\/\\\/danceparade.org\\\/#\\\/schema\\\/logo\\\/image\\\/\"},\"sameAs\":[\"https:\\\/\\\/www.facebook.com\\\/danceparadenyc\\\/\",\"https:\\\/\\\/x.com\\\/DanceParadeNYC\",\"https:\\\/\\\/www.instagram.com\\\/DanceParadeNYC\",\"https:\\\/\\\/www.youtube.com\\\/@danceparade\",\"https:\\\/\\\/www.tiktok.com\\\/@danceparadenyc\"]}]}<\/script>\n<!-- \/ Yoast SEO plugin. -->","yoast_head_json":{"title":"Grandstand Seating - Dance Parade","description":"Get the best seat\u00a0on the parade route as 10,000 dancers stop and perform in front of this year\u2019s Grandstand!Get a front row seat to celebrate the most culturally diverse event in the world","robots":{"index":"index","follow":"follow","max-snippet":"max-snippet:-1","max-image-preview":"max-image-preview:large","max-video-preview":"max-video-preview:-1"},"canonical":"https:\/\/danceparade.org\/es\/grandstand-seating\/","og_locale":"es_ES","og_type":"article","og_title":"Grandstand Seating - Dance Parade","og_description":"Get the best seat\u00a0on the parade route as 10,000 dancers stop and perform in front of this year\u2019s Grandstand!Get a front row seat to celebrate the most culturally diverse event in the world","og_url":"https:\/\/danceparade.org\/es\/grandstand-seating\/","og_site_name":"Dance Parade","article_publisher":"https:\/\/www.facebook.com\/danceparadenyc\/","article_modified_time":"2026-02-24T03:24:09+00:00","og_image":[{"width":1343,"height":316,"url":"https:\/\/danceparade.org\/wp-content\/uploads\/2022\/03\/DP2019-logo-horizontal-with-stroke1.jpg","type":"image\/jpeg"}],"twitter_card":"summary_large_image","twitter_site":"@DanceParadeNYC","twitter_misc":{"Tiempo de lectura":"2 minutos"},"schema":{"@context":"https:\/\/schema.org","@graph":[{"@type":"WebPage","@id":"https:\/\/danceparade.org\/grandstand-seating\/","url":"https:\/\/danceparade.org\/grandstand-seating\/","name":"Grandstand Seating - Dance Parade","isPartOf":{"@id":"https:\/\/danceparade.org\/#website"},"datePublished":"2018-02-03T06:57:13+00:00","dateModified":"2026-02-24T03:24:09+00:00","description":"Get the best seat\u00a0on the parade route as 10,000 dancers stop and perform in front of this year\u2019s Grandstand!Get a front row seat to celebrate the most culturally diverse event in the world","breadcrumb":{"@id":"https:\/\/danceparade.org\/grandstand-seating\/#breadcrumb"},"inLanguage":"es","potentialAction":[{"@type":"ReadAction","target":["https:\/\/danceparade.org\/grandstand-seating\/"]}]},{"@type":"BreadcrumbList","@id":"https:\/\/danceparade.org\/grandstand-seating\/#breadcrumb","itemListElement":[{"@type":"ListItem","position":1,"name":"Home","item":"https:\/\/danceparade.org\/"},{"@type":"ListItem","position":2,"name":"Grandstand Seating"}]},{"@type":"WebSite","@id":"https:\/\/danceparade.org\/#website","url":"https:\/\/danceparade.org\/","name":"Dance Parade","description":"Desfile de Baile","publisher":{"@id":"https:\/\/danceparade.org\/#organization"},"alternateName":"Dance Parade | 10,000 dancers on Broadway, NYC each May!","potentialAction":[{"@type":"SearchAction","target":{"@type":"EntryPoint","urlTemplate":"https:\/\/danceparade.org\/?s={search_term_string}"},"query-input":{"@type":"PropertyValueSpecification","valueRequired":true,"valueName":"search_term_string"}}],"inLanguage":"es"},{"@type":"Organization","@id":"https:\/\/danceparade.org\/#organization","name":"Dance Parade","alternateName":"Dance Parade | 10,000 dancers on Broadway, NYC each May!","url":"https:\/\/danceparade.org\/","logo":{"@type":"ImageObject","inLanguage":"es","@id":"https:\/\/danceparade.org\/#\/schema\/logo\/image\/","url":"https:\/\/danceparade.org\/wp-content\/uploads\/2022\/03\/DP2019-logo-horizontal-with-stroke1.jpg","contentUrl":"https:\/\/danceparade.org\/wp-content\/uploads\/2022\/03\/DP2019-logo-horizontal-with-stroke1.jpg","width":1343,"height":316,"caption":"Dance Parade"},"image":{"@id":"https:\/\/danceparade.org\/#\/schema\/logo\/image\/"},"sameAs":["https:\/\/www.facebook.com\/danceparadenyc\/","https:\/\/x.com\/DanceParadeNYC","https:\/\/www.instagram.com\/DanceParadeNYC","https:\/\/www.youtube.com\/@danceparade","https:\/\/www.tiktok.com\/@danceparadenyc"]}]}},"_links":{"self":[{"href":"https:\/\/danceparade.org\/es\/wp-json\/wp\/v2\/pages\/280","targetHints":{"allow":["GET"]}}],"collection":[{"href":"https:\/\/danceparade.org\/es\/wp-json\/wp\/v2\/pages"}],"about":[{"href":"https:\/\/danceparade.org\/es\/wp-json\/wp\/v2\/types\/page"}],"author":[{"embeddable":true,"href":"https:\/\/danceparade.org\/es\/wp-json\/wp\/v2\/users\/3"}],"replies":[{"embeddable":true,"href":"https:\/\/danceparade.org\/es\/wp-json\/wp\/v2\/comments?post=280"}],"version-history":[{"count":0,"href":"https:\/\/danceparade.org\/es\/wp-json\/wp\/v2\/pages\/280\/revisions"}],"wp:attachment":[{"href":"https:\/\/danceparade.org\/es\/wp-json\/wp\/v2\/media?parent=280"}],"curies":[{"name":"wp","href":"https:\/\/api.w.org\/{rel}","templated":true}]}}