{"id":28,"date":"2018-01-28T21:15:51","date_gmt":"2018-01-28T21:15:51","guid":{"rendered":"https:\/\/dev-dp-build.pantheonsite.io\/?page_id=28"},"modified":"2026-04-14T14:46:40","modified_gmt":"2026-04-14T18:46:40","slug":"sponsor-dance-parade","status":"publish","type":"page","link":"https:\/\/danceparade.org\/es\/sponsor-dance-parade\/","title":{"rendered":"Become an Official Dance Parade Sponsor"},"content":{"rendered":"<div class=\"zn_text_box eluid1cd6bc3e  zn_text_box-light element-scheme--light\">\n<p>Dance Parade New York se complace en ofrecer a las corporaciones y organizaciones la oportunidad de mejorar sus relaciones existentes con la comunidad, los clientes, los visitantes y los empleados a trav\u00e9s de una variedad de oportunidades de patrocinio en la anual Dance Parade y DanceFest.<\/p>\n<p>Whether you wish to build brand awareness, launch new products and services, host clients or conduct consumer-based research to drive traffic to your business, our \u201cParade of Dancers, Floats and Performance Zones\u201d allows you the opportunity connect with an audience of more than 85,000 parade and festival goers directly with over three million impressions from outdoor, print and online viewers.<\/p>\n<p>Para obtener m\u00e1s informaci\u00f3n, contacte con nuestro Director Ejecutivo, greg\"at\"danceparade.org para obtener nuestra Gu\u00eda de patrocinio o propuesta personalizada.<\/p>\n<p>A continuaci\u00f3n se presentan ejemplos de prestaciones de patrocinio (tenga en cuenta que los beneficios var\u00edan seg\u00fan el nivel de patrocinio)<br \/>\nLos beneficios pueden incluir:<\/p>\n<\/div>\n<div class=\"kl-title-block clearfix tbk--text- tbk--left text-left tbk-symbol--  tbk-icon-pos--after-title eluid7a1ef388\">\n<h3 class=\"tbk__title\">Branding\/Marca<\/h3>\n<div class=\"tbk__text\">\n<ul>\n<li>Exhibici\u00f3n de un mes en pancartas de 3 pies x 8 pies a lo largo de la periferia del festival de la ruta del desfile: 28,000 impresiones diarias promedio cada una.<\/li>\n<li>Nombre en la Grada de Asientos y Pancartas del Escenario<\/li>\n<li>Carroza de desfile con el logotipo de la empresa (asistencia estimada a lo largo de la ruta del desfile, 85,000)<\/li>\n<li>Logotipo en camisetas para voluntarios y venta a los asistentes al festival<\/li>\n<li>Marca en 5,000 programas del Desfile y Festival<\/li>\n<\/ul>\n<\/div>\n<\/div>\n<div class=\"kl-title-block clearfix tbk--text- tbk--left text-left tbk-symbol--  tbk-icon-pos--after-title eluidc359e118\">\n<h3 class=\"tbk__title\">Publicidad<\/h3>\n<div class=\"tbk__text\">\n<ul>\n<li>Entrevista de radio en DanceFest con el Representante de la Compa\u00f1\u00eda<\/li>\n<li>Logotipo o nombre en los materiales promocionales de New York Dance Parade (folletos, carteles)<\/li>\n<li>Logo in STEPS! e-newsletter (12-issues, 28,000 recipients\/issue)<\/li>\n<li>Logotipo o nombre de la compa\u00f1\u00eda en la campa\u00f1a de medios impresos y en l\u00ednea, kit de prensa<\/li>\n<li>Capacidad de activaci\u00f3n en los puntos de venta al por menor<\/li>\n<\/ul>\n<\/div>\n<\/div>\n<div class=\"kl-title-block clearfix tbk--text- tbk--left text-left tbk-symbol--  tbk-icon-pos--after-title eluid57d2253c\">\n<h3 class=\"tbk__title\">Reconocimiento<\/h3>\n<div class=\"tbk__text\">\n<ul>\n<li>Reconocimiento in situ en Dance Parade y Dance Fest<\/li>\n<li>Campa\u00f1as Promocionales \u00fanicas e inclusi\u00f3n en el Marketing de redes sociales de New York Dance Parade, incluidos Facebook, WordPress, Twitter, Foursquare y YouTube.<\/li>\n<li>Derechos para usar el nombre y el logotipo de New York Dance Parade en promociones<\/li>\n<li>Reconocimiento de logotipo o nombre en el sitio web de New York Dance Parade con enlace al sitio web del patrocinador<\/li>\n<li>Entradas y acceso VIP a la secci\u00f3n de visualizaci\u00f3n de Grand Stand y exhibiciones \"Taste of Dance\" durante todo el a\u00f1o<\/li>\n<li>Lista de correo electr\u00f3nico de las personas que se registran en el desfile que se inscriben a las ofertas del patrocinador<\/li>\n<li>Stand in situ para muestreo, demostraciones y promociones (stand 10 \u00d7 10)<\/li>\n<\/ul>\n<\/div>\n<\/div>\n<div class=\"kl-title-block clearfix tbk--text- tbk--left text-left tbk-symbol--  tbk-icon-pos--after-title eluid4301604a\">\n<h3 class=\"tbk__title\">Entretenimiento<\/h3>\n<div class=\"tbk__text\">\n<ul>\n<li>Asientos prioritarios y entradas VIP en el Grand Stand de cortes\u00eda<\/li>\n<li>Tickets reservados y boletos de empleados con descuento para presentaciones de \"A Taste of Dance\" durante todo el a\u00f1o<\/li>\n<li>Oportunidades de crear eventos privados \"post-performance\" para entretener a los clientes (el patrocinador cubre los costos)<\/li>\n<\/ul>\n<\/div>\n<\/div>","protected":false},"excerpt":{"rendered":"<p>Dance Parade New York is pleased to offer corporations and organizations the opportunity to enhance their existing relationships with the community, clients, customers and employees through a variety of sponsorship<\/p>\n<div class='heateorSssClear'><\/div><div  class='heateor_sss_sharing_container heateor_sss_horizontal_sharing' data-heateor-sss-href='https:\/\/danceparade.org\/es\/sponsor-dance-parade\/'><div class='heateor_sss_sharing_title' style=\"font-weight:bold\" >Spread the love<\/div><div class=\"heateor_sss_sharing_ul\"><a aria-label=\"Facebook\" class=\"heateor_sss_facebook\" href=\"https:\/\/www.facebook.com\/sharer\/sharer.php?u=https%3A%2F%2Fdanceparade.org%2Fes%2Fsponsor-dance-parade%2F\" title=\"Facebook\" rel=\"nofollow noopener\" target=\"_blank\" style=\"font-size:32px!important;box-shadow:none;display:inline-block;vertical-align:middle\"><span class=\"heateor_sss_svg\" style=\"background-color:#0765FE;width:35px;height:35px;display:inline-block;opacity:1;float:left;font-size:32px;box-shadow:none;display:inline-block;font-size:16px;padding:0 4px;vertical-align:middle;background-repeat:repeat;overflow:hidden;padding:0;cursor:pointer;box-sizing:content-box\"><svg style=\"display:block;\" focusable=\"false\" aria-hidden=\"true\" xmlns=\"http:\/\/www.w3.org\/2000\/svg\" width=\"100%\" height=\"100%\" viewbox=\"0 0 32 32\"><path fill=\"#fff\" d=\"M28 16c0-6.627-5.373-12-12-12S4 9.373 4 16c0 5.628 3.875 10.35 9.101 11.647v-7.98h-2.474V16H13.1v-1.58c0-4.085 1.849-5.978 5.859-5.978.76 0 2.072.15 2.608.298v3.325c-.283-.03-.775-.045-1.386-.045-1.967 0-2.728.745-2.728 2.683V16h3.92l-.673 3.667h-3.247v8.245C23.395 27.195 28 22.135 28 16Z\"><\/path><\/svg><\/span><span class=\"heateor_sss_square_count heateor_sss_facebook_count\">&nbsp;<\/span><\/a><a aria-label=\"X\" class=\"heateor_sss_button_x\" href=\"https:\/\/twitter.com\/intent\/tweet?via=DanceParadeNYC&text=Become%20an%20Official%20Dance%20Parade%20Sponsor&url=https%3A%2F%2Fdanceparade.org%2Fes%2Fsponsor-dance-parade%2F\" title=\"X\" rel=\"nofollow noopener\" target=\"_blank\" style=\"font-size:32px!important;box-shadow:none;display:inline-block;vertical-align:middle\"><span class=\"heateor_sss_svg heateor_sss_s__default heateor_sss_s_x\" style=\"background-color:#2a2a2a;width:35px;height:35px;display:inline-block;opacity:1;float:left;font-size:32px;box-shadow:none;display:inline-block;font-size:16px;padding:0 4px;vertical-align:middle;background-repeat:repeat;overflow:hidden;padding:0;cursor:pointer;box-sizing:content-box\"><svg width=\"100%\" height=\"100%\" style=\"display:block;\" focusable=\"false\" aria-hidden=\"true\" xmlns=\"http:\/\/www.w3.org\/2000\/svg\" viewbox=\"0 0 32 32\"><path fill=\"#fff\" d=\"M21.751 7h3.067l-6.7 7.658L26 25.078h-6.172l-4.833-6.32-5.531 6.32h-3.07l7.167-8.19L6 7h6.328l4.37 5.777L21.75 7Zm-1.076 16.242h1.7L11.404 8.74H9.58l11.094 14.503Z\"><\/path><\/svg><\/span><span class=\"heateor_sss_square_count heateor_sss_X_count\">&nbsp;<\/span><\/a><a aria-label=\"Instagram\" class=\"heateor_sss_button_instagram\" href=\"https:\/\/www.instagram.com\/DanceParadeNYC\" title=\"Instagram\" rel=\"nofollow noopener\" target=\"_blank\" style=\"font-size:32px!important;box-shadow:none;display:inline-block;vertical-align:middle\"><span class=\"heateor_sss_svg\" style=\"background-color:#53beee;width:35px;height:35px;display:inline-block;opacity:1;float:left;font-size:32px;box-shadow:none;display:inline-block;font-size:16px;padding:0 4px;vertical-align:middle;background-repeat:repeat;overflow:hidden;padding:0;cursor:pointer;box-sizing:content-box\"><svg style=\"display:block;\" version=\"1.1\" viewbox=\"-10 -10 148 148\" width=\"100%\" height=\"100%\" xml:space=\"preserve\" xmlns=\"http:\/\/www.w3.org\/2000\/svg\" xmlns:xlink=\"http:\/\/www.w3.org\/1999\/xlink\"><g><g><path d=\"M86,112H42c-14.336,0-26-11.663-26-26V42c0-14.337,11.664-26,26-26h44c14.337,0,26,11.663,26,26v44 C112,100.337,100.337,112,86,112z M42,24c-9.925,0-18,8.074-18,18v44c0,9.925,8.075,18,18,18h44c9.926,0,18-8.075,18-18V42 c0-9.926-8.074-18-18-18H42z\" fill=\"#fff\"><\/path><\/g><g><path d=\"M64,88c-13.234,0-24-10.767-24-24c0-13.234,10.766-24,24-24s24,10.766,24,24C88,77.233,77.234,88,64,88z M64,48c-8.822,0-16,7.178-16,16s7.178,16,16,16c8.822,0,16-7.178,16-16S72.822,48,64,48z\" fill=\"#fff\"><\/path><\/g><g><circle cx=\"89.5\" cy=\"38.5\" fill=\"#fff\" r=\"5.5\"><\/circle><\/g><\/g><\/svg><\/span><span class=\"heateor_sss_square_count heateor_sss_instagram_count\">&nbsp;<\/span><\/a><a aria-label=\"Youtube\" class=\"heateor_sss_button_youtube\" href=\"https:\/\/www.youtube.com\/@danceparade\" title=\"Youtube\" rel=\"nofollow noopener\" target=\"_blank\" style=\"font-size:32px!important;box-shadow:none;display:inline-block;vertical-align:middle\"><span class=\"heateor_sss_svg heateor_sss_s__default heateor_sss_s_youtube\" style=\"background-color:red;width:35px;height:35px;display:inline-block;opacity:1;float:left;font-size:32px;box-shadow:none;display:inline-block;font-size:16px;padding:0 4px;vertical-align:middle;background-repeat:repeat;overflow:hidden;padding:0;cursor:pointer;box-sizing:content-box\"><svg style=\"display:block;\" focusable=\"false\" aria-hidden=\"true\" xmlns=\"http:\/\/www.w3.org\/2000\/svg\" width=\"100%\" height=\"100%\" viewbox=\"0 0 32 32\"><path fill=\"#fff\" d=\"M26.78 11.6s-.215-1.515-.875-2.183c-.837-.876-1.774-.88-2.204-.932-3.075-.222-7.693-.222-7.693-.222h-.01s-4.618 0-7.697.222c-.43.05-1.368.056-2.205.932-.66.668-.874 2.184-.874 2.184S5 13.386 5 15.166v1.67c0 1.78.22 3.56.22 3.56s.215 1.516.874 2.184c.837.875 1.936.85 2.426.94 1.76.17 7.48.22 7.48.22s4.623-.007 7.7-.23c.43-.05 1.37-.056 2.205-.932.66-.668.875-2.184.875-2.184s.22-1.78.22-3.56v-1.67c0-1.78-.22-3.56-.22-3.56zm-13.052 7.254v-6.18l5.944 3.1-5.944 3.08z\"><\/path><\/svg><\/span><span class=\"heateor_sss_square_count heateor_sss_youtube_count\">&nbsp;<\/span><\/a><a style=\"font-size:32px!important;box-shadow: none;display: inline-block!important;font-size: 16px;padding: 0 4px;vertical-align: middle;display:inline;\" class=\"heateorSssSharingRound\"><span class=\"heateor_sss_square_count\">&nbsp;<\/span><div style=\"width:35px;height:35px;margin-left:9px !important;\" title=\"Compartidos totales\" class=\"heateorSssSharing heateorSssTCBackground\"><\/div><\/a><\/div><div class=\"heateorSssClear\"><\/div><\/div><div class='heateorSssClear'><\/div>","protected":false},"author":3,"featured_media":0,"parent":0,"menu_order":0,"comment_status":"closed","ping_status":"closed","template":"","meta":{"_monsterinsights_skip_tracking":false,"_monsterinsights_sitenote_active":false,"_monsterinsights_sitenote_note":"","_monsterinsights_sitenote_category":0,"footnotes":""},"class_list":["post-28","page","type-page","status-publish","hentry","prodpage-classic"],"yoast_head":"<!-- This site is optimized with the Yoast SEO plugin v27.3 - https:\/\/yoast.com\/product\/yoast-seo-wordpress\/ -->\n<title>Become an Official Dance Parade Sponsor - Dance Parade<\/title>\n<meta name=\"description\" content=\"Dance Parade New York is pleased to offer corporations and organizations the opportunity to enhance their existing relationships with the community, clients, customers and employees through a variety of sponsorship opportunities at the annual Dance Parade and DanceFest.\" \/>\n<meta name=\"robots\" content=\"index, follow, max-snippet:-1, max-image-preview:large, max-video-preview:-1\" \/>\n<link rel=\"canonical\" href=\"https:\/\/danceparade.org\/es\/sponsor-dance-parade\/\" \/>\n<meta property=\"og:locale\" content=\"es_ES\" \/>\n<meta property=\"og:type\" content=\"article\" \/>\n<meta property=\"og:title\" content=\"Become an Official Dance Parade Sponsor - Dance Parade\" \/>\n<meta property=\"og:description\" content=\"Dance Parade New York is pleased to offer corporations and organizations the opportunity to enhance their existing relationships with the community, clients, customers and employees through a variety of sponsorship opportunities at the annual Dance Parade and DanceFest.\" \/>\n<meta property=\"og:url\" content=\"https:\/\/danceparade.org\/es\/sponsor-dance-parade\/\" \/>\n<meta property=\"og:site_name\" content=\"Dance Parade\" \/>\n<meta property=\"article:publisher\" content=\"https:\/\/www.facebook.com\/danceparadenyc\/\" \/>\n<meta property=\"article:modified_time\" content=\"2026-04-14T18:46:40+00:00\" \/>\n<meta property=\"og:image\" content=\"https:\/\/danceparade.org\/wp-content\/uploads\/2022\/03\/DP2019-logo-horizontal-with-stroke1.jpg\" \/>\n\t<meta property=\"og:image:width\" content=\"1343\" \/>\n\t<meta property=\"og:image:height\" content=\"316\" \/>\n\t<meta property=\"og:image:type\" content=\"image\/jpeg\" \/>\n<meta name=\"twitter:card\" content=\"summary_large_image\" \/>\n<meta name=\"twitter:site\" content=\"@DanceParadeNYC\" \/>\n<meta name=\"twitter:label1\" content=\"Tiempo de lectura\" \/>\n\t<meta name=\"twitter:data1\" content=\"2 minutos\" \/>\n<script type=\"application\/ld+json\" class=\"yoast-schema-graph\">{\"@context\":\"https:\\\/\\\/schema.org\",\"@graph\":[{\"@type\":\"WebPage\",\"@id\":\"https:\\\/\\\/danceparade.org\\\/sponsor-dance-parade\\\/\",\"url\":\"https:\\\/\\\/danceparade.org\\\/sponsor-dance-parade\\\/\",\"name\":\"Become an Official Dance Parade Sponsor - Dance Parade\",\"isPartOf\":{\"@id\":\"https:\\\/\\\/danceparade.org\\\/#website\"},\"datePublished\":\"2018-01-28T21:15:51+00:00\",\"dateModified\":\"2026-04-14T18:46:40+00:00\",\"description\":\"Dance Parade New York is pleased to offer corporations and organizations the opportunity to enhance their existing relationships with the community, clients, customers and employees through a variety of sponsorship opportunities at the annual Dance Parade and DanceFest.\",\"breadcrumb\":{\"@id\":\"https:\\\/\\\/danceparade.org\\\/sponsor-dance-parade\\\/#breadcrumb\"},\"inLanguage\":\"es\",\"potentialAction\":[{\"@type\":\"ReadAction\",\"target\":[\"https:\\\/\\\/danceparade.org\\\/sponsor-dance-parade\\\/\"]}]},{\"@type\":\"BreadcrumbList\",\"@id\":\"https:\\\/\\\/danceparade.org\\\/sponsor-dance-parade\\\/#breadcrumb\",\"itemListElement\":[{\"@type\":\"ListItem\",\"position\":1,\"name\":\"Home\",\"item\":\"https:\\\/\\\/danceparade.org\\\/\"},{\"@type\":\"ListItem\",\"position\":2,\"name\":\"Become an Official Dance Parade Sponsor\"}]},{\"@type\":\"WebSite\",\"@id\":\"https:\\\/\\\/danceparade.org\\\/#website\",\"url\":\"https:\\\/\\\/danceparade.org\\\/\",\"name\":\"Dance Parade\",\"description\":\"10,000 dancers on Broadway, NYC each May!\",\"publisher\":{\"@id\":\"https:\\\/\\\/danceparade.org\\\/#organization\"},\"alternateName\":\"Dance Parade | 10,000 dancers on Broadway, NYC each May!\",\"potentialAction\":[{\"@type\":\"SearchAction\",\"target\":{\"@type\":\"EntryPoint\",\"urlTemplate\":\"https:\\\/\\\/danceparade.org\\\/?s={search_term_string}\"},\"query-input\":{\"@type\":\"PropertyValueSpecification\",\"valueRequired\":true,\"valueName\":\"search_term_string\"}}],\"inLanguage\":\"es\"},{\"@type\":\"Organization\",\"@id\":\"https:\\\/\\\/danceparade.org\\\/#organization\",\"name\":\"Dance Parade\",\"alternateName\":\"Dance Parade | 10,000 dancers on Broadway, NYC each May!\",\"url\":\"https:\\\/\\\/danceparade.org\\\/\",\"logo\":{\"@type\":\"ImageObject\",\"inLanguage\":\"es\",\"@id\":\"https:\\\/\\\/danceparade.org\\\/#\\\/schema\\\/logo\\\/image\\\/\",\"url\":\"https:\\\/\\\/danceparade.org\\\/wp-content\\\/uploads\\\/2022\\\/03\\\/DP2019-logo-horizontal-with-stroke1.jpg\",\"contentUrl\":\"https:\\\/\\\/danceparade.org\\\/wp-content\\\/uploads\\\/2022\\\/03\\\/DP2019-logo-horizontal-with-stroke1.jpg\",\"width\":1343,\"height\":316,\"caption\":\"Dance Parade\"},\"image\":{\"@id\":\"https:\\\/\\\/danceparade.org\\\/#\\\/schema\\\/logo\\\/image\\\/\"},\"sameAs\":[\"https:\\\/\\\/www.facebook.com\\\/danceparadenyc\\\/\",\"https:\\\/\\\/x.com\\\/DanceParadeNYC\",\"https:\\\/\\\/www.instagram.com\\\/DanceParadeNYC\",\"https:\\\/\\\/www.youtube.com\\\/@danceparade\",\"https:\\\/\\\/www.tiktok.com\\\/@danceparadenyc\"]}]}<\/script>\n<!-- \/ Yoast SEO plugin. -->","yoast_head_json":{"title":"Become an Official Dance Parade Sponsor - Dance Parade","description":"Dance Parade New York se complace en ofrecer a las corporaciones y organizaciones la oportunidad de mejorar sus relaciones existentes con la comunidad, los clientes, los visitantes y los empleados a trav\u00e9s de una variedad de oportunidades de patrocinio en la anual Dance Parade y DanceFest.","robots":{"index":"index","follow":"follow","max-snippet":"max-snippet:-1","max-image-preview":"max-image-preview:large","max-video-preview":"max-video-preview:-1"},"canonical":"https:\/\/danceparade.org\/es\/sponsor-dance-parade\/","og_locale":"es_ES","og_type":"article","og_title":"Become an Official Dance Parade Sponsor - Dance Parade","og_description":"Dance Parade New York is pleased to offer corporations and organizations the opportunity to enhance their existing relationships with the community, clients, customers and employees through a variety of sponsorship opportunities at the annual Dance Parade and DanceFest.","og_url":"https:\/\/danceparade.org\/es\/sponsor-dance-parade\/","og_site_name":"Dance Parade","article_publisher":"https:\/\/www.facebook.com\/danceparadenyc\/","article_modified_time":"2026-04-14T18:46:40+00:00","og_image":[{"width":1343,"height":316,"url":"https:\/\/danceparade.org\/wp-content\/uploads\/2022\/03\/DP2019-logo-horizontal-with-stroke1.jpg","type":"image\/jpeg"}],"twitter_card":"summary_large_image","twitter_site":"@DanceParadeNYC","twitter_misc":{"Tiempo de lectura":"2 minutos"},"schema":{"@context":"https:\/\/schema.org","@graph":[{"@type":"WebPage","@id":"https:\/\/danceparade.org\/sponsor-dance-parade\/","url":"https:\/\/danceparade.org\/sponsor-dance-parade\/","name":"Become an Official Dance Parade Sponsor - Dance Parade","isPartOf":{"@id":"https:\/\/danceparade.org\/#website"},"datePublished":"2018-01-28T21:15:51+00:00","dateModified":"2026-04-14T18:46:40+00:00","description":"Dance Parade New York se complace en ofrecer a las corporaciones y organizaciones la oportunidad de mejorar sus relaciones existentes con la comunidad, los clientes, los visitantes y los empleados a trav\u00e9s de una variedad de oportunidades de patrocinio en la anual Dance Parade y DanceFest.","breadcrumb":{"@id":"https:\/\/danceparade.org\/sponsor-dance-parade\/#breadcrumb"},"inLanguage":"es","potentialAction":[{"@type":"ReadAction","target":["https:\/\/danceparade.org\/sponsor-dance-parade\/"]}]},{"@type":"BreadcrumbList","@id":"https:\/\/danceparade.org\/sponsor-dance-parade\/#breadcrumb","itemListElement":[{"@type":"ListItem","position":1,"name":"Home","item":"https:\/\/danceparade.org\/"},{"@type":"ListItem","position":2,"name":"Become an Official Dance Parade Sponsor"}]},{"@type":"WebSite","@id":"https:\/\/danceparade.org\/#website","url":"https:\/\/danceparade.org\/","name":"Dance Parade","description":"Desfile de Baile","publisher":{"@id":"https:\/\/danceparade.org\/#organization"},"alternateName":"Dance Parade | 10,000 dancers on Broadway, NYC each May!","potentialAction":[{"@type":"SearchAction","target":{"@type":"EntryPoint","urlTemplate":"https:\/\/danceparade.org\/?s={search_term_string}"},"query-input":{"@type":"PropertyValueSpecification","valueRequired":true,"valueName":"search_term_string"}}],"inLanguage":"es"},{"@type":"Organization","@id":"https:\/\/danceparade.org\/#organization","name":"Dance Parade","alternateName":"Dance Parade | 10,000 dancers on Broadway, NYC each May!","url":"https:\/\/danceparade.org\/","logo":{"@type":"ImageObject","inLanguage":"es","@id":"https:\/\/danceparade.org\/#\/schema\/logo\/image\/","url":"https:\/\/danceparade.org\/wp-content\/uploads\/2022\/03\/DP2019-logo-horizontal-with-stroke1.jpg","contentUrl":"https:\/\/danceparade.org\/wp-content\/uploads\/2022\/03\/DP2019-logo-horizontal-with-stroke1.jpg","width":1343,"height":316,"caption":"Dance Parade"},"image":{"@id":"https:\/\/danceparade.org\/#\/schema\/logo\/image\/"},"sameAs":["https:\/\/www.facebook.com\/danceparadenyc\/","https:\/\/x.com\/DanceParadeNYC","https:\/\/www.instagram.com\/DanceParadeNYC","https:\/\/www.youtube.com\/@danceparade","https:\/\/www.tiktok.com\/@danceparadenyc"]}]}},"_links":{"self":[{"href":"https:\/\/danceparade.org\/es\/wp-json\/wp\/v2\/pages\/28","targetHints":{"allow":["GET"]}}],"collection":[{"href":"https:\/\/danceparade.org\/es\/wp-json\/wp\/v2\/pages"}],"about":[{"href":"https:\/\/danceparade.org\/es\/wp-json\/wp\/v2\/types\/page"}],"author":[{"embeddable":true,"href":"https:\/\/danceparade.org\/es\/wp-json\/wp\/v2\/users\/3"}],"replies":[{"embeddable":true,"href":"https:\/\/danceparade.org\/es\/wp-json\/wp\/v2\/comments?post=28"}],"version-history":[{"count":0,"href":"https:\/\/danceparade.org\/es\/wp-json\/wp\/v2\/pages\/28\/revisions"}],"wp:attachment":[{"href":"https:\/\/danceparade.org\/es\/wp-json\/wp\/v2\/media?parent=28"}],"curies":[{"name":"wp","href":"https:\/\/api.w.org\/{rel}","templated":true}]}}