{"id":272,"date":"2018-02-03T06:38:04","date_gmt":"2018-02-03T06:38:04","guid":{"rendered":"https:\/\/dev-dp-build.pantheonsite.io\/?page_id=272"},"modified":"2026-04-14T14:32:42","modified_gmt":"2026-04-14T18:32:42","slug":"donate","status":"publish","type":"page","link":"https:\/\/danceparade.org\/es\/donate\/","title":{"rendered":"Donar"},"content":{"rendered":"<p>La generosidad de nuestros donantes MOVERS AND SHAKER hace que nuestros programas educativos en las escuelas y nuestro desfile anual Dance Parade y DanceFest sean posibles. Dance Parade, Inc es una organizaci\u00f3n no gubernamental 501 (c) 3 que sirve a la comunidad de danza de la ciudad de Nueva York. Las contribuciones hechas a Dance Parade, Inc son deducibles de impuestos en la medida permitida por la ley. Tambi\u00e9n nos complace recompensar a nuestros donantes con algunas ventajas:\u00a0<a href=\"https:\/\/danceparade.org\/es\/perks\/\">Lea m\u00e1s aqu\u00ed.<\/a><\/p>\n<div class=\"zn_text_box eluid0c7f3354 zn_text_box-light element-scheme--light\">\n<p>La informaci\u00f3n de su tarjeta de cr\u00e9dito se usar\u00e1 s\u00f3lo para esta transacci\u00f3n a trav\u00e9s de nuestro sistema seguro de pago en l\u00ednea con Paypal. Dance Parade, Inc. no retiene la informaci\u00f3n de la tarjeta de cr\u00e9dito ni transmite la informaci\u00f3n de la tarjeta de cr\u00e9dito a ninguna de las partes asociadas.<\/p>\n<p>To send a check, write it payable to \u201cDance Parade, Inc\u201d and mail to our administrative office at: 789 Westminster Road, 1st Fl \u2013 Brooklyn, NY 11230<\/p>\n<\/div>\n<h3 class=\"tbk__title\">Partidarios 2019<\/h3>\n<p>\u00c1NGELES DE LA DANZA ($250 y m\u00e1s)<br \/>\nAn\u00f3nimos (varios)<br \/>\nM. B. Boafo<br \/>\nMichelle Deblasi<br \/>\nSuzie Ellis<br \/>\nKevin Farley<br \/>\nValerie Feit<br \/>\nJerry Goldman<br \/>\nCarol Henning<br \/>\nDiane Ridley<br \/>\nParticipatory Safety<\/p>\n<p>MOVERS AND SHAKERS ($100 \u2013 $249)<br \/>\nAn\u00f3nimos (varios)<br \/>\nPeter Dolese<br \/>\nJerry Goldman<br \/>\nJoanna Harvey<br \/>\nJack Lehnert<br \/>\nBrenda Neville<br \/>\nPaul Ru<br \/>\nPatricia Swardron<br \/>\nChiling Weng<\/p>\n<p>&nbsp;<\/p>\n<div class=\"kl-title-block clearfix tbk--text- tbk--center text-center tbk-symbol-- tbk-icon-pos--after-title eluidf3b565bb\">\n<h3 class=\"tbk__title\">Partidarios 2018<\/h3>\n<div class=\"tbk__text\">\n<p>\u00c1NGELES DE LA DANZA ($250 y m\u00e1s)<br \/>\nAn\u00f3nimos (varios)<br \/>\nNikki Creary<br \/>\nMichelle Deblasi<br \/>\nSuzie Ellis<br \/>\nKevin Farley<br \/>\nValerie Feit<br \/>\nJerry Goldman<br \/>\nCarol Henning<br \/>\nDavid Katz<br \/>\nDavid Leventhal<br \/>\nForney and Jane Miller<br \/>\nPhil Ribolow<br \/>\nDiane Ridley<br \/>\nDeirdre Towers<\/p>\n<p>MOVERS AND SHAKERS ($100 \u2013 $249)<br \/>\nAn\u00f3nimos (varios)<br \/>\nMegan DeMott-Quigley<br \/>\nShireen Dickson<br \/>\nPeter Dolese<br \/>\nJustin Carter<br \/>\nMarty Glynn<br \/>\nSteven Griffith<br \/>\nRunar Holden<br \/>\nYana Landowne<br \/>\nJack Lehnert<br \/>\nLing Li<br \/>\nGreg Miller<br \/>\nRudanceNY Ballroom Dance School<br \/>\nRuth Resnikoff<br \/>\nPaul Saltzberg<br \/>\nStephanie Sellars<br \/>\nAnne-Katrin Spiess<br \/>\nJilana Van Meter<br \/>\nChiling Weng\n<\/p><\/div>\n<\/div>","protected":false},"excerpt":{"rendered":"<p>The generosity of our MOVERS AND SHAKER donors make our education programs in schools and our annual Dance Parade and DanceFest possible.\u00a0 Dance Parade, Inc is a 501(c)3 tax-exempt organization<\/p>\n<div class='heateorSssClear'><\/div><div  class='heateor_sss_sharing_container heateor_sss_horizontal_sharing' data-heateor-sss-href='https:\/\/danceparade.org\/es\/donate\/'><div class='heateor_sss_sharing_title' style=\"font-weight:bold\" >Spread the love<\/div><div class=\"heateor_sss_sharing_ul\"><a aria-label=\"Facebook\" class=\"heateor_sss_facebook\" href=\"https:\/\/www.facebook.com\/sharer\/sharer.php?u=https%3A%2F%2Fdanceparade.org%2Fes%2Fdonate%2F\" title=\"Facebook\" rel=\"nofollow noopener\" target=\"_blank\" style=\"font-size:32px!important;box-shadow:none;display:inline-block;vertical-align:middle\"><span class=\"heateor_sss_svg\" style=\"background-color:#0765FE;width:35px;height:35px;display:inline-block;opacity:1;float:left;font-size:32px;box-shadow:none;display:inline-block;font-size:16px;padding:0 4px;vertical-align:middle;background-repeat:repeat;overflow:hidden;padding:0;cursor:pointer;box-sizing:content-box\"><svg style=\"display:block;\" focusable=\"false\" aria-hidden=\"true\" xmlns=\"http:\/\/www.w3.org\/2000\/svg\" width=\"100%\" height=\"100%\" viewbox=\"0 0 32 32\"><path fill=\"#fff\" d=\"M28 16c0-6.627-5.373-12-12-12S4 9.373 4 16c0 5.628 3.875 10.35 9.101 11.647v-7.98h-2.474V16H13.1v-1.58c0-4.085 1.849-5.978 5.859-5.978.76 0 2.072.15 2.608.298v3.325c-.283-.03-.775-.045-1.386-.045-1.967 0-2.728.745-2.728 2.683V16h3.92l-.673 3.667h-3.247v8.245C23.395 27.195 28 22.135 28 16Z\"><\/path><\/svg><\/span><span class=\"heateor_sss_square_count heateor_sss_facebook_count\">&nbsp;<\/span><\/a><a aria-label=\"X\" class=\"heateor_sss_button_x\" href=\"https:\/\/twitter.com\/intent\/tweet?via=DanceParadeNYC&text=Donate%20to%20Dance%20Parade&url=https%3A%2F%2Fdanceparade.org%2Fes%2Fdonate%2F\" title=\"X\" rel=\"nofollow noopener\" target=\"_blank\" style=\"font-size:32px!important;box-shadow:none;display:inline-block;vertical-align:middle\"><span class=\"heateor_sss_svg heateor_sss_s__default heateor_sss_s_x\" style=\"background-color:#2a2a2a;width:35px;height:35px;display:inline-block;opacity:1;float:left;font-size:32px;box-shadow:none;display:inline-block;font-size:16px;padding:0 4px;vertical-align:middle;background-repeat:repeat;overflow:hidden;padding:0;cursor:pointer;box-sizing:content-box\"><svg width=\"100%\" height=\"100%\" style=\"display:block;\" focusable=\"false\" aria-hidden=\"true\" xmlns=\"http:\/\/www.w3.org\/2000\/svg\" viewbox=\"0 0 32 32\"><path fill=\"#fff\" d=\"M21.751 7h3.067l-6.7 7.658L26 25.078h-6.172l-4.833-6.32-5.531 6.32h-3.07l7.167-8.19L6 7h6.328l4.37 5.777L21.75 7Zm-1.076 16.242h1.7L11.404 8.74H9.58l11.094 14.503Z\"><\/path><\/svg><\/span><span class=\"heateor_sss_square_count heateor_sss_X_count\">&nbsp;<\/span><\/a><a aria-label=\"Instagram\" class=\"heateor_sss_button_instagram\" href=\"https:\/\/www.instagram.com\/DanceParadeNYC\" title=\"Instagram\" rel=\"nofollow noopener\" target=\"_blank\" style=\"font-size:32px!important;box-shadow:none;display:inline-block;vertical-align:middle\"><span class=\"heateor_sss_svg\" style=\"background-color:#53beee;width:35px;height:35px;display:inline-block;opacity:1;float:left;font-size:32px;box-shadow:none;display:inline-block;font-size:16px;padding:0 4px;vertical-align:middle;background-repeat:repeat;overflow:hidden;padding:0;cursor:pointer;box-sizing:content-box\"><svg style=\"display:block;\" version=\"1.1\" viewbox=\"-10 -10 148 148\" width=\"100%\" height=\"100%\" xml:space=\"preserve\" xmlns=\"http:\/\/www.w3.org\/2000\/svg\" xmlns:xlink=\"http:\/\/www.w3.org\/1999\/xlink\"><g><g><path d=\"M86,112H42c-14.336,0-26-11.663-26-26V42c0-14.337,11.664-26,26-26h44c14.337,0,26,11.663,26,26v44 C112,100.337,100.337,112,86,112z M42,24c-9.925,0-18,8.074-18,18v44c0,9.925,8.075,18,18,18h44c9.926,0,18-8.075,18-18V42 c0-9.926-8.074-18-18-18H42z\" fill=\"#fff\"><\/path><\/g><g><path d=\"M64,88c-13.234,0-24-10.767-24-24c0-13.234,10.766-24,24-24s24,10.766,24,24C88,77.233,77.234,88,64,88z M64,48c-8.822,0-16,7.178-16,16s7.178,16,16,16c8.822,0,16-7.178,16-16S72.822,48,64,48z\" fill=\"#fff\"><\/path><\/g><g><circle cx=\"89.5\" cy=\"38.5\" fill=\"#fff\" r=\"5.5\"><\/circle><\/g><\/g><\/svg><\/span><span class=\"heateor_sss_square_count heateor_sss_instagram_count\">&nbsp;<\/span><\/a><a aria-label=\"Youtube\" class=\"heateor_sss_button_youtube\" href=\"https:\/\/www.youtube.com\/@danceparade\" title=\"Youtube\" rel=\"nofollow noopener\" target=\"_blank\" style=\"font-size:32px!important;box-shadow:none;display:inline-block;vertical-align:middle\"><span class=\"heateor_sss_svg heateor_sss_s__default heateor_sss_s_youtube\" style=\"background-color:red;width:35px;height:35px;display:inline-block;opacity:1;float:left;font-size:32px;box-shadow:none;display:inline-block;font-size:16px;padding:0 4px;vertical-align:middle;background-repeat:repeat;overflow:hidden;padding:0;cursor:pointer;box-sizing:content-box\"><svg style=\"display:block;\" focusable=\"false\" aria-hidden=\"true\" xmlns=\"http:\/\/www.w3.org\/2000\/svg\" width=\"100%\" height=\"100%\" viewbox=\"0 0 32 32\"><path fill=\"#fff\" d=\"M26.78 11.6s-.215-1.515-.875-2.183c-.837-.876-1.774-.88-2.204-.932-3.075-.222-7.693-.222-7.693-.222h-.01s-4.618 0-7.697.222c-.43.05-1.368.056-2.205.932-.66.668-.874 2.184-.874 2.184S5 13.386 5 15.166v1.67c0 1.78.22 3.56.22 3.56s.215 1.516.874 2.184c.837.875 1.936.85 2.426.94 1.76.17 7.48.22 7.48.22s4.623-.007 7.7-.23c.43-.05 1.37-.056 2.205-.932.66-.668.875-2.184.875-2.184s.22-1.78.22-3.56v-1.67c0-1.78-.22-3.56-.22-3.56zm-13.052 7.254v-6.18l5.944 3.1-5.944 3.08z\"><\/path><\/svg><\/span><span class=\"heateor_sss_square_count heateor_sss_youtube_count\">&nbsp;<\/span><\/a><a style=\"font-size:32px!important;box-shadow: none;display: inline-block!important;font-size: 16px;padding: 0 4px;vertical-align: middle;display:inline;\" class=\"heateorSssSharingRound\"><span class=\"heateor_sss_square_count\">&nbsp;<\/span><div style=\"width:35px;height:35px;margin-left:9px !important;\" title=\"Compartidos totales\" class=\"heateorSssSharing heateorSssTCBackground\"><\/div><\/a><\/div><div class=\"heateorSssClear\"><\/div><\/div><div class='heateorSssClear'><\/div>","protected":false},"author":3,"featured_media":0,"parent":0,"menu_order":0,"comment_status":"closed","ping_status":"closed","template":"","meta":{"_monsterinsights_skip_tracking":false,"_monsterinsights_sitenote_active":false,"_monsterinsights_sitenote_note":"","_monsterinsights_sitenote_category":0,"footnotes":""},"class_list":["post-272","page","type-page","status-publish","hentry","prodpage-classic"],"yoast_head":"<!-- This site is optimized with the Yoast SEO plugin v27.4 - https:\/\/yoast.com\/product\/yoast-seo-wordpress\/ -->\n<title>Donate to Dance Parade - Dance Parade<\/title>\n<meta name=\"description\" content=\"The generosity of our MOVERS AND SHAKER donors make our education programs in schools and our annual Dance Parade and DanceFest possible.\u00a0Contributions made to Dance Parade, Inc are tax deductible to the extent allowed by the law.\" \/>\n<meta name=\"robots\" content=\"index, follow, max-snippet:-1, max-image-preview:large, max-video-preview:-1\" \/>\n<link rel=\"canonical\" href=\"https:\/\/danceparade.org\/es\/donate\/\" \/>\n<meta property=\"og:locale\" content=\"es_ES\" \/>\n<meta property=\"og:type\" content=\"article\" \/>\n<meta property=\"og:title\" content=\"Donate to Dance Parade - Dance Parade\" \/>\n<meta property=\"og:description\" content=\"The generosity of our MOVERS AND SHAKER donors make our education programs in schools and our annual Dance Parade and DanceFest possible.\u00a0Contributions made to Dance Parade, Inc are tax deductible to the extent allowed by the law.\" \/>\n<meta property=\"og:url\" content=\"https:\/\/danceparade.org\/es\/donate\/\" \/>\n<meta property=\"og:site_name\" content=\"Dance Parade\" \/>\n<meta property=\"article:publisher\" content=\"https:\/\/www.facebook.com\/danceparadenyc\/\" \/>\n<meta property=\"article:modified_time\" content=\"2026-04-14T18:32:42+00:00\" \/>\n<meta property=\"og:image\" content=\"https:\/\/danceparade.org\/wp-content\/uploads\/2022\/03\/DP2019-logo-horizontal-with-stroke1.jpg\" \/>\n\t<meta property=\"og:image:width\" content=\"1343\" \/>\n\t<meta property=\"og:image:height\" content=\"316\" \/>\n\t<meta property=\"og:image:type\" content=\"image\/jpeg\" \/>\n<meta name=\"twitter:card\" content=\"summary_large_image\" \/>\n<meta name=\"twitter:site\" content=\"@DanceParadeNYC\" \/>\n<meta name=\"twitter:label1\" content=\"Tiempo de lectura\" \/>\n\t<meta name=\"twitter:data1\" content=\"1 minuto\" \/>\n<script type=\"application\/ld+json\" class=\"yoast-schema-graph\">{\"@context\":\"https:\\\/\\\/schema.org\",\"@graph\":[{\"@type\":\"WebPage\",\"@id\":\"https:\\\/\\\/danceparade.org\\\/donate\\\/\",\"url\":\"https:\\\/\\\/danceparade.org\\\/donate\\\/\",\"name\":\"Donate to Dance Parade - Dance Parade\",\"isPartOf\":{\"@id\":\"https:\\\/\\\/danceparade.org\\\/#website\"},\"datePublished\":\"2018-02-03T06:38:04+00:00\",\"dateModified\":\"2026-04-14T18:32:42+00:00\",\"description\":\"The generosity of our MOVERS AND SHAKER donors make our education programs in schools and our annual Dance Parade and DanceFest possible.\u00a0Contributions made to Dance Parade, Inc are tax deductible to the extent allowed by the law.\",\"breadcrumb\":{\"@id\":\"https:\\\/\\\/danceparade.org\\\/donate\\\/#breadcrumb\"},\"inLanguage\":\"es\",\"potentialAction\":[{\"@type\":\"ReadAction\",\"target\":[\"https:\\\/\\\/danceparade.org\\\/donate\\\/\"]}]},{\"@type\":\"BreadcrumbList\",\"@id\":\"https:\\\/\\\/danceparade.org\\\/donate\\\/#breadcrumb\",\"itemListElement\":[{\"@type\":\"ListItem\",\"position\":1,\"name\":\"Home\",\"item\":\"https:\\\/\\\/danceparade.org\\\/\"},{\"@type\":\"ListItem\",\"position\":2,\"name\":\"Donate to Dance Parade\"}]},{\"@type\":\"WebSite\",\"@id\":\"https:\\\/\\\/danceparade.org\\\/#website\",\"url\":\"https:\\\/\\\/danceparade.org\\\/\",\"name\":\"Dance Parade\",\"description\":\"10,000 dancers on Broadway, NYC each May!\",\"publisher\":{\"@id\":\"https:\\\/\\\/danceparade.org\\\/#organization\"},\"alternateName\":\"Dance Parade | 10,000 dancers on Broadway, NYC each May!\",\"potentialAction\":[{\"@type\":\"SearchAction\",\"target\":{\"@type\":\"EntryPoint\",\"urlTemplate\":\"https:\\\/\\\/danceparade.org\\\/?s={search_term_string}\"},\"query-input\":{\"@type\":\"PropertyValueSpecification\",\"valueRequired\":true,\"valueName\":\"search_term_string\"}}],\"inLanguage\":\"es\"},{\"@type\":\"Organization\",\"@id\":\"https:\\\/\\\/danceparade.org\\\/#organization\",\"name\":\"Dance Parade\",\"alternateName\":\"Dance Parade | 10,000 dancers on Broadway, NYC each May!\",\"url\":\"https:\\\/\\\/danceparade.org\\\/\",\"logo\":{\"@type\":\"ImageObject\",\"inLanguage\":\"es\",\"@id\":\"https:\\\/\\\/danceparade.org\\\/#\\\/schema\\\/logo\\\/image\\\/\",\"url\":\"https:\\\/\\\/danceparade.org\\\/wp-content\\\/uploads\\\/2022\\\/03\\\/DP2019-logo-horizontal-with-stroke1.jpg\",\"contentUrl\":\"https:\\\/\\\/danceparade.org\\\/wp-content\\\/uploads\\\/2022\\\/03\\\/DP2019-logo-horizontal-with-stroke1.jpg\",\"width\":1343,\"height\":316,\"caption\":\"Dance Parade\"},\"image\":{\"@id\":\"https:\\\/\\\/danceparade.org\\\/#\\\/schema\\\/logo\\\/image\\\/\"},\"sameAs\":[\"https:\\\/\\\/www.facebook.com\\\/danceparadenyc\\\/\",\"https:\\\/\\\/x.com\\\/DanceParadeNYC\",\"https:\\\/\\\/www.instagram.com\\\/DanceParadeNYC\",\"https:\\\/\\\/www.youtube.com\\\/@danceparade\",\"https:\\\/\\\/www.tiktok.com\\\/@danceparadenyc\"]}]}<\/script>\n<!-- \/ Yoast SEO plugin. -->","yoast_head_json":{"title":"Donate to Dance Parade - Dance Parade","description":"The generosity of our MOVERS AND SHAKER donors make our education programs in schools and our annual Dance Parade and DanceFest possible.\u00a0Contributions made to Dance Parade, Inc are tax deductible to the extent allowed by the law.","robots":{"index":"index","follow":"follow","max-snippet":"max-snippet:-1","max-image-preview":"max-image-preview:large","max-video-preview":"max-video-preview:-1"},"canonical":"https:\/\/danceparade.org\/es\/donate\/","og_locale":"es_ES","og_type":"article","og_title":"Donate to Dance Parade - Dance Parade","og_description":"The generosity of our MOVERS AND SHAKER donors make our education programs in schools and our annual Dance Parade and DanceFest possible.\u00a0Contributions made to Dance Parade, Inc are tax deductible to the extent allowed by the law.","og_url":"https:\/\/danceparade.org\/es\/donate\/","og_site_name":"Dance Parade","article_publisher":"https:\/\/www.facebook.com\/danceparadenyc\/","article_modified_time":"2026-04-14T18:32:42+00:00","og_image":[{"width":1343,"height":316,"url":"https:\/\/danceparade.org\/wp-content\/uploads\/2022\/03\/DP2019-logo-horizontal-with-stroke1.jpg","type":"image\/jpeg"}],"twitter_card":"summary_large_image","twitter_site":"@DanceParadeNYC","twitter_misc":{"Tiempo de lectura":"1 minuto"},"schema":{"@context":"https:\/\/schema.org","@graph":[{"@type":"WebPage","@id":"https:\/\/danceparade.org\/donate\/","url":"https:\/\/danceparade.org\/donate\/","name":"Donate to Dance Parade - Dance Parade","isPartOf":{"@id":"https:\/\/danceparade.org\/#website"},"datePublished":"2018-02-03T06:38:04+00:00","dateModified":"2026-04-14T18:32:42+00:00","description":"The generosity of our MOVERS AND SHAKER donors make our education programs in schools and our annual Dance Parade and DanceFest possible.\u00a0Contributions made to Dance Parade, Inc are tax deductible to the extent allowed by the law.","breadcrumb":{"@id":"https:\/\/danceparade.org\/donate\/#breadcrumb"},"inLanguage":"es","potentialAction":[{"@type":"ReadAction","target":["https:\/\/danceparade.org\/donate\/"]}]},{"@type":"BreadcrumbList","@id":"https:\/\/danceparade.org\/donate\/#breadcrumb","itemListElement":[{"@type":"ListItem","position":1,"name":"Home","item":"https:\/\/danceparade.org\/"},{"@type":"ListItem","position":2,"name":"Donate to Dance Parade"}]},{"@type":"WebSite","@id":"https:\/\/danceparade.org\/#website","url":"https:\/\/danceparade.org\/","name":"Dance Parade","description":"Desfile de Baile","publisher":{"@id":"https:\/\/danceparade.org\/#organization"},"alternateName":"Dance Parade | 10,000 dancers on Broadway, NYC each May!","potentialAction":[{"@type":"SearchAction","target":{"@type":"EntryPoint","urlTemplate":"https:\/\/danceparade.org\/?s={search_term_string}"},"query-input":{"@type":"PropertyValueSpecification","valueRequired":true,"valueName":"search_term_string"}}],"inLanguage":"es"},{"@type":"Organization","@id":"https:\/\/danceparade.org\/#organization","name":"Dance Parade","alternateName":"Dance Parade | 10,000 dancers on Broadway, NYC each May!","url":"https:\/\/danceparade.org\/","logo":{"@type":"ImageObject","inLanguage":"es","@id":"https:\/\/danceparade.org\/#\/schema\/logo\/image\/","url":"https:\/\/danceparade.org\/wp-content\/uploads\/2022\/03\/DP2019-logo-horizontal-with-stroke1.jpg","contentUrl":"https:\/\/danceparade.org\/wp-content\/uploads\/2022\/03\/DP2019-logo-horizontal-with-stroke1.jpg","width":1343,"height":316,"caption":"Dance Parade"},"image":{"@id":"https:\/\/danceparade.org\/#\/schema\/logo\/image\/"},"sameAs":["https:\/\/www.facebook.com\/danceparadenyc\/","https:\/\/x.com\/DanceParadeNYC","https:\/\/www.instagram.com\/DanceParadeNYC","https:\/\/www.youtube.com\/@danceparade","https:\/\/www.tiktok.com\/@danceparadenyc"]}]}},"_links":{"self":[{"href":"https:\/\/danceparade.org\/es\/wp-json\/wp\/v2\/pages\/272","targetHints":{"allow":["GET"]}}],"collection":[{"href":"https:\/\/danceparade.org\/es\/wp-json\/wp\/v2\/pages"}],"about":[{"href":"https:\/\/danceparade.org\/es\/wp-json\/wp\/v2\/types\/page"}],"author":[{"embeddable":true,"href":"https:\/\/danceparade.org\/es\/wp-json\/wp\/v2\/users\/3"}],"replies":[{"embeddable":true,"href":"https:\/\/danceparade.org\/es\/wp-json\/wp\/v2\/comments?post=272"}],"version-history":[{"count":0,"href":"https:\/\/danceparade.org\/es\/wp-json\/wp\/v2\/pages\/272\/revisions"}],"wp:attachment":[{"href":"https:\/\/danceparade.org\/es\/wp-json\/wp\/v2\/media?parent=272"}],"curies":[{"name":"wp","href":"https:\/\/api.w.org\/{rel}","templated":true}]}}