{"id":12739,"date":"2024-04-24T16:48:57","date_gmt":"2024-04-24T20:48:57","guid":{"rendered":"https:\/\/danceparade.org\/?page_id=12739"},"modified":"2024-11-25T13:27:41","modified_gmt":"2024-11-25T18:27:41","slug":"videographer","status":"publish","type":"page","link":"https:\/\/danceparade.org\/es\/videographer\/","title":{"rendered":"Float Manager"},"content":{"rendered":"<div class=\"zn_text_box eluidafc5ff49 zn_text_box-light element-scheme--light\">\n<h3><strong>Dance Parade Inc is a 501(c)(3) non-profit arts services organization.<\/strong><\/h3>\n<\/div>\n<h3 id=\"eluid77b02239\" class=\"eluid77b02239 dn-heading\">Our Mission<\/h3>\n<div class=\"zn_text_box eluid4284a1a1 zn_text_box-light element-scheme--light\">\n<p>Nuestra misi\u00f3n es la de promover la danza como una expresi\u00f3n art\u00edstica y unificadora, mostrando todas sus formas, educando al p\u00fablico en general sobre las oportunidades de percibir la misma y celebrando la diversidad del baile en la ciudad de Nueva York, patrocinando un festival y un desfile anual de danza en toda la ciudad.<\/p>\n<h3 id=\"eluid38d18867\" class=\"eluid38d18867 dn-heading\">Por Qu\u00e9 Bailamos<\/h3>\n<div class=\"zn_custom_container eluid60f1fbc3 smart-cnt--default clearfix\">\n<div class=\"row zn_col_container-smart_container\">\n<div id=\"eluidc9dcc97a\" class=\"eluidc9dcc97a col-md-6 col-sm-6 znColumnElement\">\n<div class=\"znColumnElement-innerWrapper-eluidc9dcc97a znColumnElement-innerWrapper znColumnElement-innerWrapper--valign-top znColumnElement-innerWrapper--halign-left\">\n<div class=\"znColumnElement-innerContent\">\n<div class=\"zn_text_box eluid1be68dbd zn_text_box-light element-scheme--light\">\n<h4 class=\"zn_text_box-title zn_text_box-title--style1 text-custom\">WE DANCE FOR CULTURAL EQUITY<\/h4>\n<p>We represent all dances, including yours. Our 80+ unique dance styles\u00a0are\u00a0the\u00a0world\u2019s largest display of cultural diversity. Keeping historical dances alive, like Armenian Folk dancing and Bolivian Caporales, and showcase new dance forms like Litefeet, Waacking and Brazillian Zouk. Uniting cultures and generations,\u00a0introducing teenagers\u00a0to tango, clubbers to square-dancing, and seniors to hip-hop.<\/p>\n<\/div>\n<div class=\"zn_text_box eluidbc5bcd83 zn_text_box-light element-scheme--light\">\n<h4 class=\"zn_text_box-title zn_text_box-title--style1 text-custom\">WE DANCE FOR EMOTIONAL AND PHYSICAL HEALTH<\/h4>\n<p>La danza expresa identidad: la tuya, la m\u00eda y la de amb@s junt@s. Bailar rejuvenece nuestros cuerpos y mentes, nos motiva y hace que compartamos alegr\u00eda. Los bailarines dominan nuevas habilidades, tanto personales como interpersonales, desarrollando la autoestima y el orgullo comunitario. Ponemos en marcha la creatividad con actuaciones, clases, disfraces, carrozas de desfile y nuestra 'Dance Police NYDP' (Polic\u00eda de la Danza), que simp\u00e1ticamente 'multa' a los espectadores por no bailar.<\/p>\n<\/div>\n<\/div>\n<\/div>\n<\/div>\n<div id=\"eluid3eca2a85\" class=\"eluid3eca2a85 col-md-6 col-sm-6 znColumnElement\">\n<div class=\"znColumnElement-innerWrapper-eluid3eca2a85 znColumnElement-innerWrapper znColumnElement-innerWrapper--valign-top znColumnElement-innerWrapper--halign-left\">\n<div class=\"znColumnElement-innerContent\">\n<div class=\"zn_text_box eluid337102a2 zn_text_box-light element-scheme--light\">\n<h4 class=\"zn_text_box-title zn_text_box-title--style1 text-custom\">WE DANCE TO EDUCATE AND EMPOWER<\/h4>\n<p>Certified teaching artists are sent to\u00a0schools\u00a0and community centers.\u00a0Participants discover they can communicate\u00a0vital\u00a0feelings and ideas by dancing, and\u00a0gain\u00a0insight into other\u00a0cultures. We support\u00a0emerging dance groups by reaching broad audiences and document their artistry, which they use for fundraising and promotion.<\/p>\n<\/div>\n<div class=\"zn_text_box eluid81ae6520 zn_text_box-light element-scheme--light\">\n<h4 class=\"zn_text_box-title zn_text_box-title--style1 text-custom\">WE DANCE FOR FREEDOM AND PEACE<\/h4>\n<p>Nuestra ra\u00edz es la justicia social. Nuestro ritmo es la unidad. En el siglo XIX, en los Estados Unidos, los bailes de sal\u00f3n se consideraban un trabajo del diablo. En la d\u00e9cada de 1920, la ciudad de Nueva York promulg\u00f3 la Ley del Cabaret para detener el baile interracial en los clubs de jazz del vecindario de Harlem. La Alemania de los Nazis prohibi\u00f3 los bailes de swing \"anarquistas\" en la d\u00e9cada de los 30. Incluso recientemente, en 2006, un Tribunal Supremo del estado de Nueva York dictamin\u00f3 que, a diferencia de otras formas de arte, la danza social no era una forma de expresi\u00f3n  protegida constitucionalmente. Defendemos a todos los bailarines, incluy\u00e9ndote a ti.<\/p>\n<h3 id=\"eluid5b89770c\" class=\"eluid5b89770c dn-heading\">Equipo Dance Parade<\/h3>\n<div class=\"zn_custom_container eluid7f9bacbc smart-cnt--default clearfix\">\n<div class=\"row zn_col_container-smart_container\">\n<div id=\"eluid4d36551a\" class=\"eluid4d36551a col-md-5 col-sm-5 znColumnElement\">\n<div class=\"znColumnElement-innerWrapper-eluid4d36551a znColumnElement-innerWrapper znColumnElement-innerWrapper--valign-top znColumnElement-innerWrapper--halign-left\">\n<div class=\"znColumnElement-innerContent\">\n<h3 id=\"eluidaf5ada4d\" class=\"eluidaf5ada4d dn-heading\">Our Board<\/h3>\n<\/div>\n<\/div>\n<\/div>\n<div id=\"eluid0e923243\" class=\"eluid0e923243 col-md-4 col-sm-4 znColumnElement\">\n<div class=\"znColumnElement-innerWrapper-eluid0e923243 znColumnElement-innerWrapper znColumnElement-innerWrapper--valign-top znColumnElement-innerWrapper--halign-left\">\n<div class=\"znColumnElement-innerContent\">\n<div class=\"zn_text_box eluid00977245 zn_text_box-light element-scheme--light\">\n<p>Jerry Goldman, Esq (Chair)<\/p>\n<p>Shireen Dickson<\/p>\n<p>Kunj Majmudar<br \/>\nGreg Miller<br \/>\nPhilip Ribolow<\/p>\n<p>Rifka Richter<\/p>\n<p>&nbsp;<\/p>\n<\/div>\n<\/div>\n<\/div>\n<\/div>\n<\/div>\n<\/div>\n<\/div>\n<\/div>\n<\/div>\n<\/div>\n<\/div>\n<\/div>\n<\/div>","protected":false},"excerpt":{"rendered":"<p>Dance Parade Inc is a 501(c)(3) non-profit arts services organization. Our Mission To promote dance as an expressive and unifying art form by showcasing all forms of dance, educating the<\/p>\n<div class='heateorSssClear'><\/div><div  class='heateor_sss_sharing_container heateor_sss_horizontal_sharing' data-heateor-sss-href='https:\/\/danceparade.org\/es\/videographer\/'><div class='heateor_sss_sharing_title' style=\"font-weight:bold\" >Spread the love<\/div><div class=\"heateor_sss_sharing_ul\"><a aria-label=\"Facebook\" class=\"heateor_sss_facebook\" href=\"https:\/\/www.facebook.com\/sharer\/sharer.php?u=https%3A%2F%2Fdanceparade.org%2Fes%2Fvideographer%2F\" title=\"Facebook\" rel=\"nofollow noopener\" target=\"_blank\" style=\"font-size:32px!important;box-shadow:none;display:inline-block;vertical-align:middle\"><span class=\"heateor_sss_svg\" style=\"background-color:#0765FE;width:35px;height:35px;display:inline-block;opacity:1;float:left;font-size:32px;box-shadow:none;display:inline-block;font-size:16px;padding:0 4px;vertical-align:middle;background-repeat:repeat;overflow:hidden;padding:0;cursor:pointer;box-sizing:content-box\"><svg style=\"display:block;\" focusable=\"false\" aria-hidden=\"true\" xmlns=\"http:\/\/www.w3.org\/2000\/svg\" width=\"100%\" height=\"100%\" viewbox=\"0 0 32 32\"><path fill=\"#fff\" d=\"M28 16c0-6.627-5.373-12-12-12S4 9.373 4 16c0 5.628 3.875 10.35 9.101 11.647v-7.98h-2.474V16H13.1v-1.58c0-4.085 1.849-5.978 5.859-5.978.76 0 2.072.15 2.608.298v3.325c-.283-.03-.775-.045-1.386-.045-1.967 0-2.728.745-2.728 2.683V16h3.92l-.673 3.667h-3.247v8.245C23.395 27.195 28 22.135 28 16Z\"><\/path><\/svg><\/span><span class=\"heateor_sss_square_count heateor_sss_facebook_count\">&nbsp;<\/span><\/a><a aria-label=\"X\" class=\"heateor_sss_button_x\" href=\"https:\/\/twitter.com\/intent\/tweet?via=DanceParadeNYC&text=Float%20Manager&url=https%3A%2F%2Fdanceparade.org%2Fes%2Fvideographer%2F\" title=\"X\" rel=\"nofollow noopener\" target=\"_blank\" style=\"font-size:32px!important;box-shadow:none;display:inline-block;vertical-align:middle\"><span class=\"heateor_sss_svg heateor_sss_s__default heateor_sss_s_x\" style=\"background-color:#2a2a2a;width:35px;height:35px;display:inline-block;opacity:1;float:left;font-size:32px;box-shadow:none;display:inline-block;font-size:16px;padding:0 4px;vertical-align:middle;background-repeat:repeat;overflow:hidden;padding:0;cursor:pointer;box-sizing:content-box\"><svg width=\"100%\" height=\"100%\" style=\"display:block;\" focusable=\"false\" aria-hidden=\"true\" xmlns=\"http:\/\/www.w3.org\/2000\/svg\" viewbox=\"0 0 32 32\"><path fill=\"#fff\" d=\"M21.751 7h3.067l-6.7 7.658L26 25.078h-6.172l-4.833-6.32-5.531 6.32h-3.07l7.167-8.19L6 7h6.328l4.37 5.777L21.75 7Zm-1.076 16.242h1.7L11.404 8.74H9.58l11.094 14.503Z\"><\/path><\/svg><\/span><span class=\"heateor_sss_square_count heateor_sss_X_count\">&nbsp;<\/span><\/a><a aria-label=\"Instagram\" class=\"heateor_sss_button_instagram\" href=\"https:\/\/www.instagram.com\/DanceParadeNYC\" title=\"Instagram\" rel=\"nofollow noopener\" target=\"_blank\" style=\"font-size:32px!important;box-shadow:none;display:inline-block;vertical-align:middle\"><span class=\"heateor_sss_svg\" style=\"background-color:#53beee;width:35px;height:35px;display:inline-block;opacity:1;float:left;font-size:32px;box-shadow:none;display:inline-block;font-size:16px;padding:0 4px;vertical-align:middle;background-repeat:repeat;overflow:hidden;padding:0;cursor:pointer;box-sizing:content-box\"><svg style=\"display:block;\" version=\"1.1\" viewbox=\"-10 -10 148 148\" width=\"100%\" height=\"100%\" xml:space=\"preserve\" xmlns=\"http:\/\/www.w3.org\/2000\/svg\" xmlns:xlink=\"http:\/\/www.w3.org\/1999\/xlink\"><g><g><path d=\"M86,112H42c-14.336,0-26-11.663-26-26V42c0-14.337,11.664-26,26-26h44c14.337,0,26,11.663,26,26v44 C112,100.337,100.337,112,86,112z M42,24c-9.925,0-18,8.074-18,18v44c0,9.925,8.075,18,18,18h44c9.926,0,18-8.075,18-18V42 c0-9.926-8.074-18-18-18H42z\" fill=\"#fff\"><\/path><\/g><g><path d=\"M64,88c-13.234,0-24-10.767-24-24c0-13.234,10.766-24,24-24s24,10.766,24,24C88,77.233,77.234,88,64,88z M64,48c-8.822,0-16,7.178-16,16s7.178,16,16,16c8.822,0,16-7.178,16-16S72.822,48,64,48z\" fill=\"#fff\"><\/path><\/g><g><circle cx=\"89.5\" cy=\"38.5\" fill=\"#fff\" r=\"5.5\"><\/circle><\/g><\/g><\/svg><\/span><span class=\"heateor_sss_square_count heateor_sss_instagram_count\">&nbsp;<\/span><\/a><a aria-label=\"Youtube\" class=\"heateor_sss_button_youtube\" href=\"https:\/\/www.youtube.com\/@danceparade\" title=\"Youtube\" rel=\"nofollow noopener\" target=\"_blank\" style=\"font-size:32px!important;box-shadow:none;display:inline-block;vertical-align:middle\"><span class=\"heateor_sss_svg heateor_sss_s__default heateor_sss_s_youtube\" style=\"background-color:red;width:35px;height:35px;display:inline-block;opacity:1;float:left;font-size:32px;box-shadow:none;display:inline-block;font-size:16px;padding:0 4px;vertical-align:middle;background-repeat:repeat;overflow:hidden;padding:0;cursor:pointer;box-sizing:content-box\"><svg style=\"display:block;\" focusable=\"false\" aria-hidden=\"true\" xmlns=\"http:\/\/www.w3.org\/2000\/svg\" width=\"100%\" height=\"100%\" viewbox=\"0 0 32 32\"><path fill=\"#fff\" d=\"M26.78 11.6s-.215-1.515-.875-2.183c-.837-.876-1.774-.88-2.204-.932-3.075-.222-7.693-.222-7.693-.222h-.01s-4.618 0-7.697.222c-.43.05-1.368.056-2.205.932-.66.668-.874 2.184-.874 2.184S5 13.386 5 15.166v1.67c0 1.78.22 3.56.22 3.56s.215 1.516.874 2.184c.837.875 1.936.85 2.426.94 1.76.17 7.48.22 7.48.22s4.623-.007 7.7-.23c.43-.05 1.37-.056 2.205-.932.66-.668.875-2.184.875-2.184s.22-1.78.22-3.56v-1.67c0-1.78-.22-3.56-.22-3.56zm-13.052 7.254v-6.18l5.944 3.1-5.944 3.08z\"><\/path><\/svg><\/span><span class=\"heateor_sss_square_count heateor_sss_youtube_count\">&nbsp;<\/span><\/a><a style=\"font-size:32px!important;box-shadow: none;display: inline-block!important;font-size: 16px;padding: 0 4px;vertical-align: middle;display:inline;\" class=\"heateorSssSharingRound\"><span class=\"heateor_sss_square_count\">&nbsp;<\/span><div style=\"width:35px;height:35px;margin-left:9px !important;\" title=\"Compartidos totales\" class=\"heateorSssSharing heateorSssTCBackground\"><\/div><\/a><\/div><div class=\"heateorSssClear\"><\/div><\/div><div class='heateorSssClear'><\/div>","protected":false},"author":654,"featured_media":0,"parent":0,"menu_order":0,"comment_status":"closed","ping_status":"closed","template":"","meta":{"_monsterinsights_skip_tracking":false,"_monsterinsights_sitenote_active":false,"_monsterinsights_sitenote_note":"","_monsterinsights_sitenote_category":0,"footnotes":""},"class_list":["post-12739","page","type-page","status-publish","hentry","prodpage-classic"],"yoast_head":"<!-- This site is optimized with the Yoast SEO plugin v27.3 - https:\/\/yoast.com\/product\/yoast-seo-wordpress\/ -->\n<title>Float Manager - Dance Parade<\/title>\n<meta name=\"description\" content=\"Dance Parade Inc is a 501(c)(3) non-profit arts services organization. Our Mission is to promote dance as an expressive and unifying art form by showcasing all forms of dance, educating the general public about the opportunities to experience dance, and celebrating diversity of dance in New York City.\" \/>\n<meta name=\"robots\" content=\"index, follow, max-snippet:-1, max-image-preview:large, max-video-preview:-1\" \/>\n<link rel=\"canonical\" href=\"https:\/\/danceparade.org\/es\/videographer\/\" \/>\n<meta property=\"og:locale\" content=\"es_ES\" \/>\n<meta property=\"og:type\" content=\"article\" \/>\n<meta property=\"og:title\" content=\"Float Manager - Dance Parade\" \/>\n<meta property=\"og:description\" content=\"Dance Parade Inc is a 501(c)(3) non-profit arts services organization. Our Mission is to promote dance as an expressive and unifying art form by showcasing all forms of dance, educating the general public about the opportunities to experience dance, and celebrating diversity of dance in New York City.\" \/>\n<meta property=\"og:url\" content=\"https:\/\/danceparade.org\/es\/videographer\/\" \/>\n<meta property=\"og:site_name\" content=\"Dance Parade\" \/>\n<meta property=\"article:publisher\" content=\"https:\/\/www.facebook.com\/danceparadenyc\/\" \/>\n<meta property=\"article:modified_time\" content=\"2024-11-25T18:27:41+00:00\" \/>\n<meta property=\"og:image\" content=\"https:\/\/danceparade.org\/wp-content\/uploads\/2022\/03\/DP2019-logo-horizontal-with-stroke1.jpg\" \/>\n\t<meta property=\"og:image:width\" content=\"1343\" \/>\n\t<meta property=\"og:image:height\" content=\"316\" \/>\n\t<meta property=\"og:image:type\" content=\"image\/jpeg\" \/>\n<meta name=\"twitter:card\" content=\"summary_large_image\" \/>\n<meta name=\"twitter:site\" content=\"@DanceParadeNYC\" \/>\n<meta name=\"twitter:label1\" content=\"Tiempo de lectura\" \/>\n\t<meta name=\"twitter:data1\" content=\"2 minutos\" \/>\n<script type=\"application\/ld+json\" class=\"yoast-schema-graph\">{\"@context\":\"https:\\\/\\\/schema.org\",\"@graph\":[{\"@type\":\"WebPage\",\"@id\":\"https:\\\/\\\/danceparade.org\\\/videographer\\\/\",\"url\":\"https:\\\/\\\/danceparade.org\\\/videographer\\\/\",\"name\":\"Float Manager - Dance Parade\",\"isPartOf\":{\"@id\":\"https:\\\/\\\/danceparade.org\\\/#website\"},\"datePublished\":\"2024-04-24T20:48:57+00:00\",\"dateModified\":\"2024-11-25T18:27:41+00:00\",\"description\":\"Dance Parade Inc is a 501(c)(3) non-profit arts services organization. Our Mission is to promote dance as an expressive and unifying art form by showcasing all forms of dance, educating the general public about the opportunities to experience dance, and celebrating diversity of dance in New York City.\",\"breadcrumb\":{\"@id\":\"https:\\\/\\\/danceparade.org\\\/videographer\\\/#breadcrumb\"},\"inLanguage\":\"es\",\"potentialAction\":[{\"@type\":\"ReadAction\",\"target\":[\"https:\\\/\\\/danceparade.org\\\/videographer\\\/\"]}]},{\"@type\":\"BreadcrumbList\",\"@id\":\"https:\\\/\\\/danceparade.org\\\/videographer\\\/#breadcrumb\",\"itemListElement\":[{\"@type\":\"ListItem\",\"position\":1,\"name\":\"Home\",\"item\":\"https:\\\/\\\/danceparade.org\\\/\"},{\"@type\":\"ListItem\",\"position\":2,\"name\":\"Float Manager\"}]},{\"@type\":\"WebSite\",\"@id\":\"https:\\\/\\\/danceparade.org\\\/#website\",\"url\":\"https:\\\/\\\/danceparade.org\\\/\",\"name\":\"Dance Parade\",\"description\":\"10,000 dancers on Broadway, NYC each May!\",\"publisher\":{\"@id\":\"https:\\\/\\\/danceparade.org\\\/#organization\"},\"alternateName\":\"Dance Parade | 10,000 dancers on Broadway, NYC each May!\",\"potentialAction\":[{\"@type\":\"SearchAction\",\"target\":{\"@type\":\"EntryPoint\",\"urlTemplate\":\"https:\\\/\\\/danceparade.org\\\/?s={search_term_string}\"},\"query-input\":{\"@type\":\"PropertyValueSpecification\",\"valueRequired\":true,\"valueName\":\"search_term_string\"}}],\"inLanguage\":\"es\"},{\"@type\":\"Organization\",\"@id\":\"https:\\\/\\\/danceparade.org\\\/#organization\",\"name\":\"Dance Parade\",\"alternateName\":\"Dance Parade | 10,000 dancers on Broadway, NYC each May!\",\"url\":\"https:\\\/\\\/danceparade.org\\\/\",\"logo\":{\"@type\":\"ImageObject\",\"inLanguage\":\"es\",\"@id\":\"https:\\\/\\\/danceparade.org\\\/#\\\/schema\\\/logo\\\/image\\\/\",\"url\":\"https:\\\/\\\/danceparade.org\\\/wp-content\\\/uploads\\\/2022\\\/03\\\/DP2019-logo-horizontal-with-stroke1.jpg\",\"contentUrl\":\"https:\\\/\\\/danceparade.org\\\/wp-content\\\/uploads\\\/2022\\\/03\\\/DP2019-logo-horizontal-with-stroke1.jpg\",\"width\":1343,\"height\":316,\"caption\":\"Dance Parade\"},\"image\":{\"@id\":\"https:\\\/\\\/danceparade.org\\\/#\\\/schema\\\/logo\\\/image\\\/\"},\"sameAs\":[\"https:\\\/\\\/www.facebook.com\\\/danceparadenyc\\\/\",\"https:\\\/\\\/x.com\\\/DanceParadeNYC\",\"https:\\\/\\\/www.instagram.com\\\/DanceParadeNYC\",\"https:\\\/\\\/www.youtube.com\\\/@danceparade\",\"https:\\\/\\\/www.tiktok.com\\\/@danceparadenyc\"]}]}<\/script>\n<!-- \/ Yoast SEO plugin. -->","yoast_head_json":{"title":"Float Manager - Dance Parade","description":"Dance Parade Inc is a 501(c)(3) non-profit arts services organization. Our Mission is to promote dance as an expressive and unifying art form by showcasing all forms of dance, educating the general public about the opportunities to experience dance, and celebrating diversity of dance in New York City.","robots":{"index":"index","follow":"follow","max-snippet":"max-snippet:-1","max-image-preview":"max-image-preview:large","max-video-preview":"max-video-preview:-1"},"canonical":"https:\/\/danceparade.org\/es\/videographer\/","og_locale":"es_ES","og_type":"article","og_title":"Float Manager - Dance Parade","og_description":"Dance Parade Inc is a 501(c)(3) non-profit arts services organization. Our Mission is to promote dance as an expressive and unifying art form by showcasing all forms of dance, educating the general public about the opportunities to experience dance, and celebrating diversity of dance in New York City.","og_url":"https:\/\/danceparade.org\/es\/videographer\/","og_site_name":"Dance Parade","article_publisher":"https:\/\/www.facebook.com\/danceparadenyc\/","article_modified_time":"2024-11-25T18:27:41+00:00","og_image":[{"width":1343,"height":316,"url":"https:\/\/danceparade.org\/wp-content\/uploads\/2022\/03\/DP2019-logo-horizontal-with-stroke1.jpg","type":"image\/jpeg"}],"twitter_card":"summary_large_image","twitter_site":"@DanceParadeNYC","twitter_misc":{"Tiempo de lectura":"2 minutos"},"schema":{"@context":"https:\/\/schema.org","@graph":[{"@type":"WebPage","@id":"https:\/\/danceparade.org\/videographer\/","url":"https:\/\/danceparade.org\/videographer\/","name":"Float Manager - Dance Parade","isPartOf":{"@id":"https:\/\/danceparade.org\/#website"},"datePublished":"2024-04-24T20:48:57+00:00","dateModified":"2024-11-25T18:27:41+00:00","description":"Dance Parade Inc is a 501(c)(3) non-profit arts services organization. Our Mission is to promote dance as an expressive and unifying art form by showcasing all forms of dance, educating the general public about the opportunities to experience dance, and celebrating diversity of dance in New York City.","breadcrumb":{"@id":"https:\/\/danceparade.org\/videographer\/#breadcrumb"},"inLanguage":"es","potentialAction":[{"@type":"ReadAction","target":["https:\/\/danceparade.org\/videographer\/"]}]},{"@type":"BreadcrumbList","@id":"https:\/\/danceparade.org\/videographer\/#breadcrumb","itemListElement":[{"@type":"ListItem","position":1,"name":"Home","item":"https:\/\/danceparade.org\/"},{"@type":"ListItem","position":2,"name":"Float Manager"}]},{"@type":"WebSite","@id":"https:\/\/danceparade.org\/#website","url":"https:\/\/danceparade.org\/","name":"Dance Parade","description":"Desfile de Baile","publisher":{"@id":"https:\/\/danceparade.org\/#organization"},"alternateName":"Dance Parade | 10,000 dancers on Broadway, NYC each May!","potentialAction":[{"@type":"SearchAction","target":{"@type":"EntryPoint","urlTemplate":"https:\/\/danceparade.org\/?s={search_term_string}"},"query-input":{"@type":"PropertyValueSpecification","valueRequired":true,"valueName":"search_term_string"}}],"inLanguage":"es"},{"@type":"Organization","@id":"https:\/\/danceparade.org\/#organization","name":"Dance Parade","alternateName":"Dance Parade | 10,000 dancers on Broadway, NYC each May!","url":"https:\/\/danceparade.org\/","logo":{"@type":"ImageObject","inLanguage":"es","@id":"https:\/\/danceparade.org\/#\/schema\/logo\/image\/","url":"https:\/\/danceparade.org\/wp-content\/uploads\/2022\/03\/DP2019-logo-horizontal-with-stroke1.jpg","contentUrl":"https:\/\/danceparade.org\/wp-content\/uploads\/2022\/03\/DP2019-logo-horizontal-with-stroke1.jpg","width":1343,"height":316,"caption":"Dance Parade"},"image":{"@id":"https:\/\/danceparade.org\/#\/schema\/logo\/image\/"},"sameAs":["https:\/\/www.facebook.com\/danceparadenyc\/","https:\/\/x.com\/DanceParadeNYC","https:\/\/www.instagram.com\/DanceParadeNYC","https:\/\/www.youtube.com\/@danceparade","https:\/\/www.tiktok.com\/@danceparadenyc"]}]}},"_links":{"self":[{"href":"https:\/\/danceparade.org\/es\/wp-json\/wp\/v2\/pages\/12739","targetHints":{"allow":["GET"]}}],"collection":[{"href":"https:\/\/danceparade.org\/es\/wp-json\/wp\/v2\/pages"}],"about":[{"href":"https:\/\/danceparade.org\/es\/wp-json\/wp\/v2\/types\/page"}],"author":[{"embeddable":true,"href":"https:\/\/danceparade.org\/es\/wp-json\/wp\/v2\/users\/654"}],"replies":[{"embeddable":true,"href":"https:\/\/danceparade.org\/es\/wp-json\/wp\/v2\/comments?post=12739"}],"version-history":[{"count":0,"href":"https:\/\/danceparade.org\/es\/wp-json\/wp\/v2\/pages\/12739\/revisions"}],"wp:attachment":[{"href":"https:\/\/danceparade.org\/es\/wp-json\/wp\/v2\/media?parent=12739"}],"curies":[{"name":"wp","href":"https:\/\/api.w.org\/{rel}","templated":true}]}}